{"id":995219,"date":"2023-12-13T09:50:54","date_gmt":"2023-12-13T08:50:54","guid":{"rendered":"https:\/\/vitae.testsdowhile.com\/movilitat-erasmus\/"},"modified":"2023-12-27T16:22:36","modified_gmt":"2023-12-27T15:22:36","slug":"movilidad-erasmus","status":"publish","type":"page","link":"https:\/\/vitae.testsdowhile.com\/es\/movilidad-erasmus\/","title":{"rendered":"Movilidad (Erasmus)"},"content":{"rendered":"\t\t<div data-elementor-type=\"wp-page\" data-elementor-id=\"995219\" class=\"elementor elementor-995219 elementor-994914\" data-elementor-post-type=\"page\">\n\t\t\t\t\t\t<section class=\"elementor-section elementor-top-section elementor-element elementor-element-58d23ae elementor-section-height-min-height elementor-section-boxed elementor-section-height-default elementor-section-items-middle\" data-id=\"58d23ae\" data-element_type=\"section\" data-settings=\"{&quot;background_background&quot;:&quot;classic&quot;}\">\n\t\t\t\t\t\t<div class=\"elementor-container elementor-column-gap-default\">\n\t\t\t\t\t<div class=\"elementor-column elementor-col-100 elementor-top-column elementor-element elementor-element-bfb6604\" data-id=\"bfb6604\" data-element_type=\"column\" data-settings=\"{&quot;background_background&quot;:&quot;classic&quot;}\">\n\t\t\t<div class=\"elementor-widget-wrap\">\n\t\t\t\t\t\t\t<\/div>\n\t\t<\/div>\n\t\t\t\t\t<\/div>\n\t\t<\/section>\n\t\t\t\t<section class=\"elementor-section elementor-top-section elementor-element elementor-element-f47bed9 elementor-section-boxed elementor-section-height-default elementor-section-height-default\" data-id=\"f47bed9\" data-element_type=\"section\" data-settings=\"{&quot;animation&quot;:&quot;none&quot;,&quot;animation_tablet&quot;:&quot;none&quot;,&quot;animation_mobile&quot;:&quot;none&quot;}\">\n\t\t\t\t\t\t<div class=\"elementor-container elementor-column-gap-no\">\n\t\t\t\t\t<div class=\"elementor-column elementor-col-50 elementor-top-column elementor-element elementor-element-ab44aaf animated-fast pastilla-verde elementor-invisible\" data-id=\"ab44aaf\" data-element_type=\"column\" data-settings=\"{&quot;background_background&quot;:&quot;classic&quot;,&quot;animation&quot;:&quot;fadeIn&quot;,&quot;animation_delay&quot;:100}\">\n\t\t\t<div class=\"elementor-widget-wrap elementor-element-populated\">\n\t\t\t\t\t\t<div class=\"elementor-element elementor-element-521c066 elementor-widget elementor-widget-text-editor\" data-id=\"521c066\" data-element_type=\"widget\" data-settings=\"{&quot;_animation&quot;:&quot;none&quot;,&quot;_animation_delay&quot;:300}\" data-widget_type=\"text-editor.default\">\n\t\t\t\t<div class=\"elementor-widget-container\">\n\t\t\t\t\t\t\t\t\t<p>Programa de Movilidad Vitae: <strong>experiencias internacionales enriquecedoras con Erasmus+<\/strong> para formar profesionales globales y emp\u00e1ticos.<\/p><p><strong>Una formaci\u00f3n que se mueve contigo. <\/strong><\/p>\t\t\t\t\t\t\t\t<\/div>\n\t\t\t\t<\/div>\n\t\t\t\t\t<\/div>\n\t\t<\/div>\n\t\t\t\t<div class=\"elementor-column elementor-col-50 elementor-top-column elementor-element elementor-element-8cf6d42 elementor-hidden-desktop elementor-hidden-tablet elementor-hidden-phone\" data-id=\"8cf6d42\" data-element_type=\"column\">\n\t\t\t<div class=\"elementor-widget-wrap\">\n\t\t\t\t\t\t\t<\/div>\n\t\t<\/div>\n\t\t\t\t\t<\/div>\n\t\t<\/section>\n\t\t\t\t<section class=\"elementor-section elementor-top-section elementor-element elementor-element-8835ccf elementor-section-content-middle elementor-section-boxed elementor-section-height-default elementor-section-height-default\" data-id=\"8835ccf\" data-element_type=\"section\">\n\t\t\t\t\t\t<div class=\"elementor-container elementor-column-gap-no\">\n\t\t\t\t\t<div class=\"elementor-column elementor-col-50 elementor-top-column elementor-element elementor-element-00ea5a5 animated-slow\" data-id=\"00ea5a5\" data-element_type=\"column\" data-settings=\"{&quot;background_background&quot;:&quot;classic&quot;,&quot;background_motion_fx_motion_fx_scrolling&quot;:&quot;yes&quot;,&quot;background_motion_fx_scale_effect&quot;:&quot;yes&quot;,&quot;background_motion_fx_scale_speed&quot;:{&quot;unit&quot;:&quot;px&quot;,&quot;size&quot;:2,&quot;sizes&quot;:[]},&quot;background_motion_fx_devices&quot;:[&quot;desktop&quot;],&quot;background_motion_fx_scale_range&quot;:{&quot;unit&quot;:&quot;%&quot;,&quot;size&quot;:&quot;&quot;,&quot;sizes&quot;:{&quot;start&quot;:0,&quot;end&quot;:100}},&quot;animation&quot;:&quot;none&quot;,&quot;background_motion_fx_scale_direction&quot;:&quot;out-in&quot;}\">\n\t\t\t<div class=\"elementor-widget-wrap elementor-element-populated\">\n\t\t\t\t\t\t<div class=\"elementor-element elementor-element-154e273 elementor-widget elementor-widget-spacer\" data-id=\"154e273\" data-element_type=\"widget\" data-widget_type=\"spacer.default\">\n\t\t\t\t<div class=\"elementor-widget-container\">\n\t\t\t\t\t\t\t<div class=\"elementor-spacer\">\n\t\t\t<div class=\"elementor-spacer-inner\"><\/div>\n\t\t<\/div>\n\t\t\t\t\t\t<\/div>\n\t\t\t\t<\/div>\n\t\t\t\t\t<\/div>\n\t\t<\/div>\n\t\t\t\t<div class=\"elementor-column elementor-col-50 elementor-top-column elementor-element elementor-element-c6a835a\" data-id=\"c6a835a\" data-element_type=\"column\">\n\t\t\t<div class=\"elementor-widget-wrap elementor-element-populated\">\n\t\t\t\t\t\t<div class=\"elementor-element elementor-element-250e9de elementor-widget elementor-widget-heading\" data-id=\"250e9de\" data-element_type=\"widget\" data-settings=\"{&quot;_animation&quot;:&quot;none&quot;,&quot;_animation_tablet&quot;:&quot;none&quot;,&quot;_animation_delay&quot;:100}\" data-widget_type=\"heading.default\">\n\t\t\t\t<div class=\"elementor-widget-container\">\n\t\t\t\t\t<h2 class=\"elementor-heading-title elementor-size-default\">Programa de movilidad internacional<\/h2>\t\t\t\t<\/div>\n\t\t\t\t<\/div>\n\t\t\t\t<div class=\"elementor-element elementor-element-99960af elementor-widget elementor-widget-text-editor\" data-id=\"99960af\" data-element_type=\"widget\" data-settings=\"{&quot;_animation&quot;:&quot;none&quot;,&quot;_animation_tablet&quot;:&quot;none&quot;,&quot;_animation_delay&quot;:200}\" data-widget_type=\"text-editor.default\">\n\t\t\t\t<div class=\"elementor-widget-container\">\n\t\t\t\t\t\t\t\t\t<p>Creemos que los intercambios estudiantiles son experiencias muy necesarias para preparar a los estudiantes a adaptarse a cualquier contexto, por ser profesionales m\u00e1s capacitados y emp\u00e1ticos. Por eso estamos desarrollando un programa de movilidad estudiantil que tiene como objetivo, durante los pr\u00f3ximos cinco a\u00f1os, aumentar el n\u00famero de estudiantes que participen en programas de movilidad internacional.<\/p>\t\t\t\t\t\t\t\t<\/div>\n\t\t\t\t<\/div>\n\t\t\t\t\t<\/div>\n\t\t<\/div>\n\t\t\t\t\t<\/div>\n\t\t<\/section>\n\t\t\t\t<section class=\"elementor-section elementor-top-section elementor-element elementor-element-4fe713f elementor-section-boxed elementor-section-height-default elementor-section-height-default\" data-id=\"4fe713f\" data-element_type=\"section\">\n\t\t\t\t\t\t<div class=\"elementor-container elementor-column-gap-default\">\n\t\t\t\t\t<div class=\"elementor-column elementor-col-100 elementor-top-column elementor-element elementor-element-a8a36fe\" data-id=\"a8a36fe\" data-element_type=\"column\">\n\t\t\t<div class=\"elementor-widget-wrap elementor-element-populated\">\n\t\t\t\t\t\t<div class=\"elementor-element elementor-element-d69be06 elementor-invisible elementor-widget elementor-widget-heading\" data-id=\"d69be06\" data-element_type=\"widget\" data-settings=\"{&quot;_animation&quot;:&quot;fadeIn&quot;,&quot;_animation_delay&quot;:100}\" data-widget_type=\"heading.default\">\n\t\t\t\t<div class=\"elementor-widget-container\">\n\t\t\t\t\t<h2 class=\"elementor-heading-title elementor-size-default\">Erasmus<\/h2>\t\t\t\t<\/div>\n\t\t\t\t<\/div>\n\t\t\t\t<div class=\"elementor-element elementor-element-13ae067 elementor-widget elementor-widget-text-editor\" data-id=\"13ae067\" data-element_type=\"widget\" data-widget_type=\"text-editor.default\">\n\t\t\t\t<div class=\"elementor-widget-container\">\n\t\t\t\t\t\t\t\t\t<p>El programa <strong>Erasmus+ de Vitae busca ofrecer oportunidades para vivir la experiencia de estudiar en Europa y m\u00e1s all\u00e1<\/strong>. De esta manera, nuestros estudiantes se preparan para adaptarse a cualquier contexto, a conocer nuevas formas de hacer, diferentes culturas y valorar la capacidad de comunicarse en m\u00e1s de un idioma. <strong>\u00a1Una oportunidad vital \u00fanica!<\/strong><\/p>\t\t\t\t\t\t\t\t<\/div>\n\t\t\t\t<\/div>\n\t\t\t\t<div class=\"elementor-element elementor-element-067256f elementor-widget elementor-widget-toggle\" data-id=\"067256f\" data-element_type=\"widget\" data-widget_type=\"toggle.default\">\n\t\t\t\t<div class=\"elementor-widget-container\">\n\t\t\t\t\t\t\t<div class=\"elementor-toggle\">\n\t\t\t\t\t\t\t<div class=\"elementor-toggle-item\">\n\t\t\t\t\t<h3 id=\"elementor-tab-title-6751\" class=\"elementor-tab-title\" data-tab=\"1\" role=\"button\" aria-controls=\"elementor-tab-content-6751\" aria-expanded=\"false\">\n\t\t\t\t\t\t\t\t\t\t\t\t<span class=\"elementor-toggle-icon elementor-toggle-icon-right\" aria-hidden=\"true\">\n\t\t\t\t\t\t\t\t\t\t\t\t\t\t\t<span class=\"elementor-toggle-icon-closed\"><i class=\"vamtamtheme- vamtam-theme-arrow-down\"><\/i><\/span>\n\t\t\t\t\t\t\t\t<span class=\"elementor-toggle-icon-opened\"><i class=\"elementor-toggle-icon-opened vamtamtheme- vamtam-theme-arrow-up\"><\/i><\/span>\n\t\t\t\t\t\t\t\t\t\t\t\t\t<\/span>\n\t\t\t\t\t\t\t\t\t\t\t\t<a class=\"elementor-toggle-title\" tabindex=\"0\">RECONOCIMIENTO OFICIAL DE LAS EXPERIENCIAS EN EL EXTRANJERO<\/a>\n\t\t\t\t\t<\/h3>\n\n\t\t\t\t\t<div id=\"elementor-tab-content-6751\" class=\"elementor-tab-content elementor-clearfix\" data-tab=\"1\" role=\"region\" aria-labelledby=\"elementor-tab-title-6751\"><p>Reconocemos completamente el programa o experiencia de pasant\u00eda en el extranjero otorgando el n\u00famero total de horas de cr\u00e9dito conseguidas en la instituci\u00f3n anfitriona. Los mecanismos se basan en los documentos que t\u00fa, como estudiante, tendr\u00e1s que proporcionar a la instituci\u00f3n de acogida ya la instituci\u00f3n de origen.<\/p><\/div>\n\t\t\t\t<\/div>\n\t\t\t\t\t\t\t<div class=\"elementor-toggle-item\">\n\t\t\t\t\t<h3 id=\"elementor-tab-title-6752\" class=\"elementor-tab-title\" data-tab=\"2\" role=\"button\" aria-controls=\"elementor-tab-content-6752\" aria-expanded=\"false\">\n\t\t\t\t\t\t\t\t\t\t\t\t<span class=\"elementor-toggle-icon elementor-toggle-icon-right\" aria-hidden=\"true\">\n\t\t\t\t\t\t\t\t\t\t\t\t\t\t\t<span class=\"elementor-toggle-icon-closed\"><i class=\"vamtamtheme- vamtam-theme-arrow-down\"><\/i><\/span>\n\t\t\t\t\t\t\t\t<span class=\"elementor-toggle-icon-opened\"><i class=\"elementor-toggle-icon-opened vamtamtheme- vamtam-theme-arrow-up\"><\/i><\/span>\n\t\t\t\t\t\t\t\t\t\t\t\t\t<\/span>\n\t\t\t\t\t\t\t\t\t\t\t\t<a class=\"elementor-toggle-title\" tabindex=\"0\">DOCUMENTOS<\/a>\n\t\t\t\t\t<\/h3>\n\n\t\t\t\t\t<div id=\"elementor-tab-content-6752\" class=\"elementor-tab-content elementor-clearfix\" data-tab=\"2\" role=\"region\" aria-labelledby=\"elementor-tab-title-6752\"><ul><li aria-level=\"1\">Contrato de aprendizaje.<\/li><\/ul><ul><li aria-level=\"1\">Transcripci\u00f3n de expedientes de acuerdo de formaci\u00f3n.<\/li><li aria-level=\"1\">El reconocimiento se realiza mediante equivalencias del Sistema de Cr\u00e9dito. Dependiendo del programa, tendr\u00e1s la oportunidad de cambiar de curso o reemplazar cursos de acuerdo a tus intereses. Tambi\u00e9n existir\u00e1 la opci\u00f3n de incluir cursos extra optativos.<\/li><li aria-level=\"1\">Las pr\u00e1cticas se validan en un curso de pr\u00e1cticas. Esto se acuerda en la fase de solicitud, antes del inicio del per\u00edodo de pr\u00e1cticas real.<\/li><\/ul><\/div>\n\t\t\t\t<\/div>\n\t\t\t\t\t\t\t<div class=\"elementor-toggle-item\">\n\t\t\t\t\t<h3 id=\"elementor-tab-title-6753\" class=\"elementor-tab-title\" data-tab=\"3\" role=\"button\" aria-controls=\"elementor-tab-content-6753\" aria-expanded=\"false\">\n\t\t\t\t\t\t\t\t\t\t\t\t<span class=\"elementor-toggle-icon elementor-toggle-icon-right\" aria-hidden=\"true\">\n\t\t\t\t\t\t\t\t\t\t\t\t\t\t\t<span class=\"elementor-toggle-icon-closed\"><i class=\"vamtamtheme- vamtam-theme-arrow-down\"><\/i><\/span>\n\t\t\t\t\t\t\t\t<span class=\"elementor-toggle-icon-opened\"><i class=\"elementor-toggle-icon-opened vamtamtheme- vamtam-theme-arrow-up\"><\/i><\/span>\n\t\t\t\t\t\t\t\t\t\t\t\t\t<\/span>\n\t\t\t\t\t\t\t\t\t\t\t\t<a class=\"elementor-toggle-title\" tabindex=\"0\">SISTEMA DE CR\u00c9DITOS ACAD\u00c9MICOS      <\/a>\n\t\t\t\t\t<\/h3>\n\n\t\t\t\t\t<div id=\"elementor-tab-content-6753\" class=\"elementor-tab-content elementor-clearfix\" data-tab=\"3\" role=\"region\" aria-labelledby=\"elementor-tab-title-6753\"><p>Los estudiantes de Vitae emprenden el viaje con un acuerdo de aprendizaje o capacitaci\u00f3n antes del intercambio, validado por el Gerente de Relaciones Internacionales. El acuerdo se redacta por un semestre o un a\u00f1o, y est\u00e1 firmado por la instituci\u00f3n de acogida como instituci\u00f3n de env\u00edo. Despu\u00e9s de la experiencia en el extranjero, se completar\u00e1 una transcripci\u00f3n de registros o un informe de pasant\u00eda que est\u00e1 dise\u00f1ado para reconocer plenamente los logros de los estudiantes a lo largo de ese semestre o a\u00f1o.<\/p><p>Normalmente, la carga de trabajo, calculada en un sistema de cr\u00e9ditos, es de 50 por un a\u00f1o y de 25 por un semestre. Un programa de un a\u00f1o en Vitae equivale a 1.000 horas de entrenamiento, un semestre equivale a 500 horas de entrenamiento. Los puntos de cr\u00e9dito se otorgar\u00e1n al finalizar con \u00e9xito el curso o per\u00edodo de pr\u00e1cticas.<\/p><p>Una vez que los estudiantes reciban un expediente acad\u00e9mico o el informe de pr\u00e1cticas de la instituci\u00f3n de acogida pueden validarlos en la instituci\u00f3n de origen. Esto se realiza mediante el sistema de equivalencia del Sistema de Cr\u00e9ditos o el sistema de equivalencia de horas. Los estudiantes obtendr\u00e1n pleno reconocimiento por realizar su programa de estudios o pr\u00e1cticas en el extranjero.<\/p><\/div>\n\t\t\t\t<\/div>\n\t\t\t\t\t\t\t<div class=\"elementor-toggle-item\">\n\t\t\t\t\t<h3 id=\"elementor-tab-title-6754\" class=\"elementor-tab-title\" data-tab=\"4\" role=\"button\" aria-controls=\"elementor-tab-content-6754\" aria-expanded=\"false\">\n\t\t\t\t\t\t\t\t\t\t\t\t<span class=\"elementor-toggle-icon elementor-toggle-icon-right\" aria-hidden=\"true\">\n\t\t\t\t\t\t\t\t\t\t\t\t\t\t\t<span class=\"elementor-toggle-icon-closed\"><i class=\"vamtamtheme- vamtam-theme-arrow-down\"><\/i><\/span>\n\t\t\t\t\t\t\t\t<span class=\"elementor-toggle-icon-opened\"><i class=\"elementor-toggle-icon-opened vamtamtheme- vamtam-theme-arrow-up\"><\/i><\/span>\n\t\t\t\t\t\t\t\t\t\t\t\t\t<\/span>\n\t\t\t\t\t\t\t\t\t\t\t\t<a class=\"elementor-toggle-title\" tabindex=\"0\">IDIOMA<\/a>\n\t\t\t\t\t<\/h3>\n\n\t\t\t\t\t<div id=\"elementor-tab-content-6754\" class=\"elementor-tab-content elementor-clearfix\" data-tab=\"4\" role=\"region\" aria-labelledby=\"elementor-tab-title-6754\"><p>Todos los estudiantes salientes de Vitae recibir\u00e1n cursos de ingl\u00e9s. Los estudiantes entrantes, tendr\u00e1n la oportunidad de recibir un curso intensivo de catal\u00e1n y espa\u00f1ol durante las semanas de orientaci\u00f3n de la escuela, al comienzo de su per\u00edodo Erasmus.<\/p><p>Despu\u00e9s del curso intensivo, se animar\u00e1 a los estudiantes a seguir los cursos de espa\u00f1ol y\/o catal\u00e1n en su nivel actual. Quienes no se unieron al curso intensivo durante la semana de orientaci\u00f3n, tambi\u00e9n podr\u00e1n unirse a estas clases. Las clases se dividen en grupos por niveles (A1, A2, B1, B2, C1 y C2). Habr\u00e1 soporte adicional disponible para estudiantes que tengan problemas con el idioma.<\/p><p>La prueba de nivel de idioma se basa en los propios certificados de los estudiantes o mediante la prueba de evaluaci\u00f3n de soporte ling\u00fc\u00edstico online (OLS) de la Uni\u00f3n Europea. Esta prueba muestra el nivel de estudiantes al final del procedimiento.<\/p><\/div>\n\t\t\t\t<\/div>\n\t\t\t\t\t\t\t\t<\/div>\n\t\t\t\t\t\t<\/div>\n\t\t\t\t<\/div>\n\t\t\t\t\t<\/div>\n\t\t<\/div>\n\t\t\t\t\t<\/div>\n\t\t<\/section>\n\t\t<div class=\"elementor-element elementor-element-e730dee e-flex e-con-boxed e-con e-parent\" data-id=\"e730dee\" data-element_type=\"container\">\n\t\t\t\t\t<div class=\"e-con-inner\">\n\t\t\t\t<div class=\"elementor-element elementor-element-e937491 elementor-align-center elementor-mobile-align-justify elementor-widget__width-auto elementor-widget elementor-widget-button\" data-id=\"e937491\" data-element_type=\"widget\" data-widget_type=\"button.default\">\n\t\t\t\t<div class=\"elementor-widget-container\">\n\t\t\t\t\t\t\t\t\t<div class=\"elementor-button-wrapper\">\n\t\t\t\t\t<a class=\"elementor-button elementor-button-link elementor-size-sm\" href=\"https:\/\/vitae.testsdowhile.com\/es\/contacto\/\">\n\t\t\t\t\t\t<span class=\"elementor-button-content-wrapper\">\n\t\t\t\t\t\t<span class=\"elementor-button-icon\">\n\t\t\t\t<i aria-hidden=\"true\" class=\"vamtamtheme- vamtam-theme-arrow-right\"><\/i>\t\t\t<\/span>\n\t\t\t\t\t\t\t\t\t<span class=\"elementor-button-text\">Solicitar informaci\u00f3n<\/span>\n\t\t\t\t\t<\/span>\n\t\t\t\t\t<\/a>\n\t\t\t\t<\/div>\n\t\t\t\t\t\t\t\t<\/div>\n\t\t\t\t<\/div>\n\t\t\t\t<div class=\"elementor-element elementor-element-2b13fbe elementor-align-center elementor-mobile-align-justify elementor-widget__width-auto elementor-widget elementor-widget-button\" data-id=\"2b13fbe\" data-element_type=\"widget\" data-widget_type=\"button.default\">\n\t\t\t\t<div class=\"elementor-widget-container\">\n\t\t\t\t\t\t\t\t\t<div class=\"elementor-button-wrapper\">\n\t\t\t\t\t<a class=\"elementor-button elementor-button-link elementor-size-sm\" href=\"\/wp-content\/uploads\/2023\/12\/documenterasmuscharter.pdf\" target=\"_blank\">\n\t\t\t\t\t\t<span class=\"elementor-button-content-wrapper\">\n\t\t\t\t\t\t<span class=\"elementor-button-icon\">\n\t\t\t\t<i aria-hidden=\"true\" class=\"vamtamtheme- vamtam-theme-arrow-right\"><\/i>\t\t\t<\/span>\n\t\t\t\t\t\t\t\t\t<span class=\"elementor-button-text\">Erasmus policy<\/span>\n\t\t\t\t\t<\/span>\n\t\t\t\t\t<\/a>\n\t\t\t\t<\/div>\n\t\t\t\t\t\t\t\t<\/div>\n\t\t\t\t<\/div>\n\t\t\t\t\t<\/div>\n\t\t\t\t<\/div>\n\t\t\t\t<section class=\"elementor-section elementor-top-section elementor-element elementor-element-3729a06 elementor-section-content-middle elementor-section-boxed elementor-section-height-default elementor-section-height-default\" data-id=\"3729a06\" data-element_type=\"section\">\n\t\t\t\t\t\t<div class=\"elementor-container elementor-column-gap-no\">\n\t\t\t\t\t<div class=\"elementor-column elementor-col-50 elementor-top-column elementor-element elementor-element-cba584a\" data-id=\"cba584a\" data-element_type=\"column\" data-settings=\"{&quot;background_background&quot;:&quot;classic&quot;,&quot;animation&quot;:&quot;none&quot;,&quot;animation_delay&quot;:0,&quot;background_motion_fx_motion_fx_scrolling&quot;:&quot;yes&quot;,&quot;background_motion_fx_scale_effect&quot;:&quot;yes&quot;,&quot;background_motion_fx_scale_speed&quot;:{&quot;unit&quot;:&quot;px&quot;,&quot;size&quot;:1,&quot;sizes&quot;:[]},&quot;background_motion_fx_scale_range&quot;:{&quot;unit&quot;:&quot;%&quot;,&quot;size&quot;:&quot;&quot;,&quot;sizes&quot;:{&quot;start&quot;:0,&quot;end&quot;:100}},&quot;background_motion_fx_devices&quot;:[&quot;desktop&quot;],&quot;background_motion_fx_scale_direction&quot;:&quot;out-in&quot;}\">\n\t\t\t<div class=\"elementor-widget-wrap elementor-element-populated\">\n\t\t\t\t\t\t<div class=\"elementor-element elementor-element-2d27c74 elementor-widget elementor-widget-spacer\" data-id=\"2d27c74\" data-element_type=\"widget\" data-settings=\"{&quot;_animation&quot;:&quot;none&quot;}\" data-widget_type=\"spacer.default\">\n\t\t\t\t<div class=\"elementor-widget-container\">\n\t\t\t\t\t\t\t<div class=\"elementor-spacer\">\n\t\t\t<div class=\"elementor-spacer-inner\"><\/div>\n\t\t<\/div>\n\t\t\t\t\t\t<\/div>\n\t\t\t\t<\/div>\n\t\t\t\t\t<\/div>\n\t\t<\/div>\n\t\t\t\t<div class=\"elementor-column elementor-col-50 elementor-top-column elementor-element elementor-element-5fb77fd\" data-id=\"5fb77fd\" data-element_type=\"column\">\n\t\t\t<div class=\"elementor-widget-wrap elementor-element-populated\">\n\t\t\t\t\t\t<div class=\"elementor-element elementor-element-310ce62 elementor-widget elementor-widget-heading\" data-id=\"310ce62\" data-element_type=\"widget\" data-settings=\"{&quot;_animation&quot;:&quot;none&quot;,&quot;_animation_tablet&quot;:&quot;none&quot;,&quot;_animation_delay&quot;:100}\" data-widget_type=\"heading.default\">\n\t\t\t\t<div class=\"elementor-widget-container\">\n\t\t\t\t\t<h2 class=\"elementor-heading-title elementor-size-default\">University of Berfordshire\u200b<\/h2>\t\t\t\t<\/div>\n\t\t\t\t<\/div>\n\t\t\t\t<div class=\"elementor-element elementor-element-e97de50 elementor-widget elementor-widget-text-editor\" data-id=\"e97de50\" data-element_type=\"widget\" data-settings=\"{&quot;_animation&quot;:&quot;none&quot;,&quot;_animation_tablet&quot;:&quot;none&quot;,&quot;_animation_delay&quot;:200}\" data-widget_type=\"text-editor.default\">\n\t\t\t\t<div class=\"elementor-widget-container\">\n\t\t\t\t\t\t\t\t\t<p>La Universidad de Bedfordshire, situada a 48 km del norte de Londres, abre sus puertas a los estudiantes de Vitae. Se trata de una universidad con gran reputaci\u00f3n internacional en cuanto a la ense\u00f1anza y la investigaci\u00f3n en el campo del deporte y la educaci\u00f3n f\u00edsica.<\/p><p>Aquellos estudiantes que superen el CFGS de Animaci\u00f3n de Actividades F\u00edsicas y Deportivas tendr\u00e1n la oportunidad de convalidar el primer curso en la Universidad de Bedfordshire y cursar en dos a\u00f1os el Grado Universitario de Ciencias de la Actividad F\u00edsica y del Deporte especializando ci\u00f3n en gesti\u00f3n Deportiva, alto rendimiento, entrenamiento personal, coaching o Educaci\u00f3n F\u00edsica.<\/p>\t\t\t\t\t\t\t\t<\/div>\n\t\t\t\t<\/div>\n\t\t\t\t\t<\/div>\n\t\t<\/div>\n\t\t\t\t\t<\/div>\n\t\t<\/section>\n\t\t\t\t<section class=\"elementor-section elementor-top-section elementor-element elementor-element-b9621e0 elementor-section-boxed elementor-section-height-default elementor-section-height-default\" data-id=\"b9621e0\" data-element_type=\"section\">\n\t\t\t\t\t\t<div class=\"elementor-container elementor-column-gap-default\">\n\t\t\t\t\t<div class=\"elementor-column elementor-col-100 elementor-top-column elementor-element elementor-element-ced2c44\" data-id=\"ced2c44\" data-element_type=\"column\">\n\t\t\t<div class=\"elementor-widget-wrap elementor-element-populated\">\n\t\t\t\t\t\t<div class=\"elementor-element elementor-element-c890997 elementor-widget__width-auto animated-fast elementor-invisible elementor-widget elementor-widget-heading\" data-id=\"c890997\" data-element_type=\"widget\" data-settings=\"{&quot;_animation&quot;:&quot;fadeIn&quot;,&quot;_animation_tablet&quot;:&quot;none&quot;,&quot;_animation_mobile&quot;:&quot;none&quot;,&quot;_animation_delay&quot;:200}\" data-widget_type=\"heading.default\">\n\t\t\t\t<div class=\"elementor-widget-container\">\n\t\t\t\t\t<p class=\"elementor-heading-title elementor-size-default\">F\u00f3rmate<\/p>\t\t\t\t<\/div>\n\t\t\t\t<\/div>\n\t\t\t\t\t<\/div>\n\t\t<\/div>\n\t\t\t\t\t<\/div>\n\t\t<\/section>\n\t\t\t\t<section class=\"elementor-section elementor-top-section elementor-element elementor-element-c4a0019 elementor-section-boxed elementor-section-height-default elementor-section-height-default\" data-id=\"c4a0019\" data-element_type=\"section\" data-settings=\"{&quot;background_background&quot;:&quot;classic&quot;}\">\n\t\t\t\t\t\t<div class=\"elementor-container elementor-column-gap-default\">\n\t\t\t\t\t<div class=\"elementor-column elementor-col-100 elementor-top-column elementor-element elementor-element-59fd59f\" data-id=\"59fd59f\" data-element_type=\"column\">\n\t\t\t<div class=\"elementor-widget-wrap elementor-element-populated\">\n\t\t\t\t\t\t<div class=\"elementor-element elementor-element-dffbdc8 elementor-widget elementor-widget-heading\" data-id=\"dffbdc8\" data-element_type=\"widget\" data-widget_type=\"heading.default\">\n\t\t\t\t<div class=\"elementor-widget-container\">\n\t\t\t\t\t<p class=\"elementor-heading-title elementor-size-default\">\u00bfEst\u00e1s listo para dar el siguiente paso hacia tu futura carrera?<\/p>\t\t\t\t<\/div>\n\t\t\t\t<\/div>\n\t\t\t\t<div class=\"elementor-element elementor-element-a2bc344 elementor-align-center elementor-mobile-align-justify elementor-widget elementor-widget-button\" data-id=\"a2bc344\" data-element_type=\"widget\" data-widget_type=\"button.default\">\n\t\t\t\t<div class=\"elementor-widget-container\">\n\t\t\t\t\t\t\t\t\t<div class=\"elementor-button-wrapper\">\n\t\t\t\t\t<a class=\"elementor-button elementor-button-link elementor-size-sm\" href=\"https:\/\/vitae.testsdowhile.com\/contacte\/\">\n\t\t\t\t\t\t<span class=\"elementor-button-content-wrapper\">\n\t\t\t\t\t\t<span class=\"elementor-button-icon\">\n\t\t\t\t<i aria-hidden=\"true\" class=\"vamtamtheme- vamtam-theme-arrow-right\"><\/i>\t\t\t<\/span>\n\t\t\t\t\t\t\t\t\t<span class=\"elementor-button-text\">Solicitar informaci\u00f3n<\/span>\n\t\t\t\t\t<\/span>\n\t\t\t\t\t<\/a>\n\t\t\t\t<\/div>\n\t\t\t\t\t\t\t\t<\/div>\n\t\t\t\t<\/div>\n\t\t\t\t\t<\/div>\n\t\t<\/div>\n\t\t\t\t\t<\/div>\n\t\t<\/section>\n\t\t\t\t<\/div>\n\t\t","protected":false},"excerpt":{"rendered":"<p>Programa de Movilidad Vitae: experiencias internacionales enriquecedoras con Erasmus+ para formar profesionales globales y emp\u00e1ticos. Una formaci\u00f3n que se mueve contigo. Programa de movilidad internacional Creemos que los intercambios estudiantiles son experiencias muy necesarias para preparar a los estudiantes a adaptarse a cualquier contexto, por ser profesionales m\u00e1s capacitados y emp\u00e1ticos. Por eso estamos desarrollando&#8230;<\/p>\n","protected":false},"author":1,"featured_media":0,"parent":0,"menu_order":0,"comment_status":"closed","ping_status":"closed","template":"","meta":{"om_disable_all_campaigns":false,"_monsterinsights_skip_tracking":false,"_monsterinsights_sitenote_active":false,"_monsterinsights_sitenote_note":"","_monsterinsights_sitenote_category":0,"footnotes":""},"class_list":["post-995219","page","type-page","status-publish","hentry"],"aioseo_notices":[],"_links":{"self":[{"href":"https:\/\/vitae.testsdowhile.com\/es\/wp-json\/wp\/v2\/pages\/995219","targetHints":{"allow":["GET"]}}],"collection":[{"href":"https:\/\/vitae.testsdowhile.com\/es\/wp-json\/wp\/v2\/pages"}],"about":[{"href":"https:\/\/vitae.testsdowhile.com\/es\/wp-json\/wp\/v2\/types\/page"}],"author":[{"embeddable":true,"href":"https:\/\/vitae.testsdowhile.com\/es\/wp-json\/wp\/v2\/users\/1"}],"replies":[{"embeddable":true,"href":"https:\/\/vitae.testsdowhile.com\/es\/wp-json\/wp\/v2\/comments?post=995219"}],"version-history":[{"count":48,"href":"https:\/\/vitae.testsdowhile.com\/es\/wp-json\/wp\/v2\/pages\/995219\/revisions"}],"predecessor-version":[{"id":1002475,"href":"https:\/\/vitae.testsdowhile.com\/es\/wp-json\/wp\/v2\/pages\/995219\/revisions\/1002475"}],"wp:attachment":[{"href":"https:\/\/vitae.testsdowhile.com\/es\/wp-json\/wp\/v2\/media?parent=995219"}],"curies":[{"name":"wp","href":"https:\/\/api.w.org\/{rel}","templated":true}]}}