{"id":996710,"date":"2023-12-14T11:49:36","date_gmt":"2023-12-14T10:49:36","guid":{"rendered":"https:\/\/vitae.testsdowhile.com\/politica-de-cookies\/"},"modified":"2023-12-19T10:57:32","modified_gmt":"2023-12-19T09:57:32","slug":"politica-de-cookies","status":"publish","type":"page","link":"https:\/\/vitae.testsdowhile.com\/es\/politica-de-cookies\/","title":{"rendered":"Pol\u00edtica de cookies"},"content":{"rendered":"\t\t<div data-elementor-type=\"wp-page\" data-elementor-id=\"996710\" class=\"elementor elementor-996710 elementor-995638\" data-elementor-post-type=\"page\">\n\t\t\t\t\t\t<section class=\"elementor-section elementor-top-section elementor-element elementor-element-c40de3b elementor-section-height-min-height elementor-section-boxed elementor-section-height-default elementor-section-items-middle\" data-id=\"c40de3b\" data-element_type=\"section\" data-settings=\"{&quot;background_background&quot;:&quot;classic&quot;}\">\n\t\t\t\t\t\t<div class=\"elementor-container elementor-column-gap-default\">\n\t\t\t\t\t<div class=\"elementor-column elementor-col-100 elementor-top-column elementor-element elementor-element-4f2c1b6\" data-id=\"4f2c1b6\" data-element_type=\"column\" data-settings=\"{&quot;background_background&quot;:&quot;classic&quot;}\">\n\t\t\t<div class=\"elementor-widget-wrap\">\n\t\t\t\t\t\t\t<\/div>\n\t\t<\/div>\n\t\t\t\t\t<\/div>\n\t\t<\/section>\n\t\t\t\t<section class=\"elementor-section elementor-top-section elementor-element elementor-element-cabf6a9 elementor-section-boxed elementor-section-height-default elementor-section-height-default\" data-id=\"cabf6a9\" data-element_type=\"section\" data-settings=\"{&quot;animation&quot;:&quot;none&quot;,&quot;animation_tablet&quot;:&quot;none&quot;,&quot;animation_mobile&quot;:&quot;none&quot;}\">\n\t\t\t\t\t\t<div class=\"elementor-container elementor-column-gap-no\">\n\t\t\t\t\t<div class=\"elementor-column elementor-col-50 elementor-top-column elementor-element elementor-element-13f0042 animated-fast pastilla-verde elementor-invisible\" data-id=\"13f0042\" data-element_type=\"column\" data-settings=\"{&quot;background_background&quot;:&quot;classic&quot;,&quot;animation&quot;:&quot;fadeIn&quot;,&quot;animation_delay&quot;:100}\">\n\t\t\t<div class=\"elementor-widget-wrap elementor-element-populated\">\n\t\t\t\t\t\t<div class=\"elementor-element elementor-element-5204fa9 elementor-widget elementor-widget-text-editor\" data-id=\"5204fa9\" data-element_type=\"widget\" data-settings=\"{&quot;_animation&quot;:&quot;none&quot;,&quot;_animation_delay&quot;:300}\" data-widget_type=\"text-editor.default\">\n\t\t\t\t<div class=\"elementor-widget-container\">\n\t\t\t\t\t\t\t\t\t<p>Descubre nuestros Grados Superiores, d\u00f3nde <strong>la excelencia educativa se combina con una formaci\u00f3n pr\u00e1ctica<\/strong>, prepar\u00e1ndote para liderar en tu campo profesional.<\/p>\t\t\t\t\t\t\t\t<\/div>\n\t\t\t\t<\/div>\n\t\t\t\t\t<\/div>\n\t\t<\/div>\n\t\t\t\t<div class=\"elementor-column elementor-col-50 elementor-top-column elementor-element elementor-element-6cf5066 elementor-hidden-desktop elementor-hidden-tablet elementor-hidden-phone\" data-id=\"6cf5066\" data-element_type=\"column\">\n\t\t\t<div class=\"elementor-widget-wrap\">\n\t\t\t\t\t\t\t<\/div>\n\t\t<\/div>\n\t\t\t\t\t<\/div>\n\t\t<\/section>\n\t\t\t\t<section class=\"elementor-section elementor-top-section elementor-element elementor-element-1fe93e6 elementor-section-boxed elementor-section-height-default elementor-section-height-default\" data-id=\"1fe93e6\" data-element_type=\"section\">\n\t\t\t\t\t\t<div class=\"elementor-container elementor-column-gap-no\">\n\t\t\t\t\t<div class=\"elementor-column elementor-col-100 elementor-top-column elementor-element elementor-element-a71d332\" data-id=\"a71d332\" data-element_type=\"column\">\n\t\t\t<div class=\"elementor-widget-wrap elementor-element-populated\">\n\t\t\t\t\t\t<div class=\"elementor-element elementor-element-208e3d3 elementor-invisible elementor-widget elementor-widget-text-editor\" data-id=\"208e3d3\" data-element_type=\"widget\" data-settings=\"{&quot;_animation&quot;:&quot;fadeIn&quot;,&quot;_animation_tablet&quot;:&quot;none&quot;,&quot;_animation_mobile&quot;:&quot;none&quot;,&quot;_animation_delay&quot;:300}\" data-widget_type=\"text-editor.default\">\n\t\t\t\t<div class=\"elementor-widget-container\">\n\t\t\t\t\t\t\t\t\t<p>Este sitio web utiliza cookies propias y de terceros para recopilar informaci\u00f3n estad\u00edstica sobre la navegaci\u00f3n de los usuarios y mejorar sus servicios con sus preferencias, generados a partir de sus h\u00e1bitos de navegaci\u00f3n. No se almacenar\u00e1n las cookies en su terminal para las finalidades mencionadas si el Usuario no haya consentido expresamente.<\/p>\t\t\t\t\t\t\t\t<\/div>\n\t\t\t\t<\/div>\n\t\t\t\t<div class=\"elementor-element elementor-element-99a7ba4 elementor-invisible elementor-widget elementor-widget-text-editor\" data-id=\"99a7ba4\" data-element_type=\"widget\" data-settings=\"{&quot;_animation&quot;:&quot;fadeIn&quot;,&quot;_animation_tablet&quot;:&quot;none&quot;,&quot;_animation_mobile&quot;:&quot;none&quot;,&quot;_animation_delay&quot;:300}\" data-widget_type=\"text-editor.default\">\n\t\t\t\t<div class=\"elementor-widget-container\">\n\t\t\t\t\t\t\t\t\t<p>\u00bfQu\u00e9 son las cookies y por qu\u00e9 las utilizamos en la web?<\/p>\t\t\t\t\t\t\t\t<\/div>\n\t\t\t\t<\/div>\n\t\t\t\t<div class=\"elementor-element elementor-element-326ee5f elementor-invisible elementor-widget elementor-widget-text-editor\" data-id=\"326ee5f\" data-element_type=\"widget\" data-settings=\"{&quot;_animation&quot;:&quot;fadeIn&quot;,&quot;_animation_tablet&quot;:&quot;none&quot;,&quot;_animation_mobile&quot;:&quot;none&quot;,&quot;_animation_delay&quot;:300}\" data-widget_type=\"text-editor.default\">\n\t\t\t\t<div class=\"elementor-widget-container\">\n\t\t\t\t\t\t\t\t\t<p>Una cookie es un archivo que se descarga en el dispositivo del usuario al acceder a determinados sitios web para almacenar y recuperar informaci\u00f3n sobre la navegaci\u00f3n que se efect\u00faa desde su equipo.<\/p><p>Las cookies permiten a esta web, entre otras cosas, almacenar y recuperar informaci\u00f3n sobre las decisiones y h\u00e1bitos del usuario. En la presente web las cookies que existen son necesarias para el funcionamiento de \u00e9sta.<\/p><p>Es importante destacar que el uso de cookies no proporciona datos personales del usuario.<\/p>\t\t\t\t\t\t\t\t<\/div>\n\t\t\t\t<\/div>\n\t\t\t\t<div class=\"elementor-element elementor-element-bc9c45c elementor-invisible elementor-widget elementor-widget-text-editor\" data-id=\"bc9c45c\" data-element_type=\"widget\" data-settings=\"{&quot;_animation&quot;:&quot;fadeIn&quot;,&quot;_animation_tablet&quot;:&quot;none&quot;,&quot;_animation_mobile&quot;:&quot;none&quot;,&quot;_animation_delay&quot;:300}\" data-widget_type=\"text-editor.default\">\n\t\t\t\t<div class=\"elementor-widget-container\">\n\t\t\t\t\t\t\t\t\t<p>\u00bfQu\u00e9 tipos de cookies existen?<\/p>\t\t\t\t\t\t\t\t<\/div>\n\t\t\t\t<\/div>\n\t\t\t\t<div class=\"elementor-element elementor-element-95b8543 elementor-invisible elementor-widget elementor-widget-text-editor\" data-id=\"95b8543\" data-element_type=\"widget\" data-settings=\"{&quot;_animation&quot;:&quot;fadeIn&quot;,&quot;_animation_tablet&quot;:&quot;none&quot;,&quot;_animation_mobile&quot;:&quot;none&quot;,&quot;_animation_delay&quot;:300}\" data-widget_type=\"text-editor.default\">\n\t\t\t\t<div class=\"elementor-widget-container\">\n\t\t\t\t\t\t\t\t\t<p>Las cookies, en funci\u00f3n del tiempo que permanecen activadas, pueden dividirse en cookies de sesi\u00f3n o permanentes:<\/p><p>Cookies de sesi\u00f3n y persistentes: Las Cookies de sesi\u00f3n est\u00e1n dise\u00f1adas para recabar y almacenar datos mientras el usuario accede a una p\u00e1gina web. Se suelen utilizar para almacenar informaci\u00f3n que solo interesa conservar para la prestaci\u00f3n del servicio solicitado por el usuario en una sola ocasi\u00f3n. En el caso de las persistentes, los datos contin\u00faan almacenados en el dispositivo durante un per\u00edodo de tiempo determinado, facilitando as\u00ed el control de las preferencias elegidas sin volver a repetir ciertos par\u00e1metros cada vez que se visita el sitio web.<\/p><p>Adicionalmente, seg\u00fan la entidad que las gestione, las cookies pueden clasificarse en propias o de tercero:<\/p><p><strong>Cookies propias o de terceros:<\/strong>\u00a0Las Cookies propias son aquellas que se env\u00edan al equipo terminal del usuario desde un equipo o dominio gestionado por el propio editor y desde el que se presta el servicio solicitado por el usuario . En cambio, las cookies de terceros son aquellas que se env\u00edan al terminal del usuario desde un equipo o dominio que no es gestionado por el editor, sino por otra entidad que trata los datos obtenidos a trav\u00e9s de las cookies.<\/p><p>En cuanto a finalidad, las cookies pueden ser:<\/p><p><strong>Cookies t\u00e9cnicas \/ personalizaci\u00f3n \/ an\u00e1lisis \/ publicitarias:<\/strong>\u00a0las\u00a0<em>cookies t\u00e9cnicas<\/em>\u00a0ser\u00edan las que permiten controlar el tr\u00e1fico y la comunicaci\u00f3n de datos; las de\u00a0<em>personalizaci\u00f3n<\/em>, las que dejan a los usuarios acceder seg\u00fan algunas caracter\u00edsticas propias que se recogen (navegador, idioma, etc.). Las de\u00a0<em>an\u00e1lisis<\/em>\u00a0son aquellas que permiten al responsable de las mismas, el seguimiento y el tama\u00f1o del comportamiento de los usuarios de los sitios web a los que est\u00e1n vinculadas, recogen datos sobre el comportamiento de los usuarios y permiten elaborar un perfil de usuario. Por \u00faltimo, las\u00a0<em>publicitarias<\/em>\u00a0recogen datos sobre la gesti\u00f3n de los espacios publicitarios.<\/p>\t\t\t\t\t\t\t\t<\/div>\n\t\t\t\t<\/div>\n\t\t\t\t<div class=\"elementor-element elementor-element-441131f elementor-invisible elementor-widget elementor-widget-text-editor\" data-id=\"441131f\" data-element_type=\"widget\" data-settings=\"{&quot;_animation&quot;:&quot;fadeIn&quot;,&quot;_animation_tablet&quot;:&quot;none&quot;,&quot;_animation_mobile&quot;:&quot;none&quot;,&quot;_animation_delay&quot;:300}\" data-widget_type=\"text-editor.default\">\n\t\t\t\t<div class=\"elementor-widget-container\">\n\t\t\t\t\t\t\t\t\t<p>\u00bfQu\u00e9 tipos de cookies utiliza la p\u00e1gina web?<\/p>\t\t\t\t\t\t\t\t<\/div>\n\t\t\t\t<\/div>\n\t\t\t\t<div class=\"elementor-element elementor-element-d8853c6 elementor-invisible elementor-widget elementor-widget-text-editor\" data-id=\"d8853c6\" data-element_type=\"widget\" data-settings=\"{&quot;_animation&quot;:&quot;fadeIn&quot;,&quot;_animation_tablet&quot;:&quot;none&quot;,&quot;_animation_mobile&quot;:&quot;none&quot;,&quot;_animation_delay&quot;:300}\" data-widget_type=\"text-editor.default\">\n\t\t\t\t<div class=\"elementor-widget-container\">\n\t\t\t\t\t\t\t\t\t<table><tbody><tr><td><b>Nombre<\/b><\/td><td><b>Dominio<\/b><\/td><td><b>Finalidad<\/b><\/td><td><b>Vencimiento<\/b><\/td><\/tr><tr><td>__cfduid<\/td><td>.gstatic.com<\/td><td>Se utiliza para anular las restricciones de seguridad basadas en la direcci\u00f3n IP del usuario visitante.<\/td><td>Sessi\u00f3n<\/td><\/tr><tr><td>_fbp<\/td><td>.escolavitae.com<\/td><td>Utilizada para proporcionar publicidad m\u00e1s atractiva<\/td><td>3 meses<\/td><\/tr><tr><td>_ga<\/td><td>.gstatic.com<\/td><td>Se utiliza para distinguir a los usuarios<\/td><td>2 a\u00f1os<\/td><\/tr><tr><td>_ga<\/td><td>.escolavitae.com<\/td><td>Se utiliza para distinguir a los usuarios<\/td><td>2 a\u00f1os<\/td><\/tr><tr><td>_gid<\/td><td>.escolavitae.com<\/td><td>Se utiliza para distinguir a los usuarios<\/td><td>24 horas<\/td><\/tr><tr><td>_hjIncludedInSample<\/td><td>.escolavitae.com<\/td><td>Utilizada para analizar y mejorar las funcionalidades puestas a disposici\u00f3n del usuario<\/td><td>Sessi\u00f3n<\/td><\/tr><tr><td>_hjid<\/td><td>.escolavitae.com<\/td><td>Se utiliza para recordar la primera visita del usuario mediante un ID \u00fanico para que en un futuro, en otra visita, asegurarle el mismo comportamiento<\/td><td>1 a\u00f1o<\/td><\/tr><tr><td>_dc_gtm_UA-75143340-1<\/td><td>.escolavitae.com<\/td><td>\u00a0<\/td><td>1 a\u00f1o<\/td><\/tr><tr><td><p>cookielawinfo-checkbox-non-<\/p><p>necessary<\/p><\/td><td>escolavitae.com<\/td><td>Esta cookie se encarga de almacenar qu\u00e9 cookies se han aceptado<\/td><td>1 a\u00f1o<\/td><\/tr><\/tbody><\/table><p>\u00a0<\/p>\t\t\t\t\t\t\t\t<\/div>\n\t\t\t\t<\/div>\n\t\t\t\t<div class=\"elementor-element elementor-element-c938057 elementor-invisible elementor-widget elementor-widget-text-editor\" data-id=\"c938057\" data-element_type=\"widget\" data-settings=\"{&quot;_animation&quot;:&quot;fadeIn&quot;,&quot;_animation_tablet&quot;:&quot;none&quot;,&quot;_animation_mobile&quot;:&quot;none&quot;,&quot;_animation_delay&quot;:300}\" data-widget_type=\"text-editor.default\">\n\t\t\t\t<div class=\"elementor-widget-container\">\n\t\t\t\t\t\t\t\t\t<p>\u00bfC\u00f3mo deshabilitar las cookies en su navegador?<\/p>\t\t\t\t\t\t\t\t<\/div>\n\t\t\t\t<\/div>\n\t\t\t\t<div class=\"elementor-element elementor-element-c509db7 elementor-invisible elementor-widget elementor-widget-text-editor\" data-id=\"c509db7\" data-element_type=\"widget\" data-settings=\"{&quot;_animation&quot;:&quot;fadeIn&quot;,&quot;_animation_tablet&quot;:&quot;none&quot;,&quot;_animation_mobile&quot;:&quot;none&quot;,&quot;_animation_delay&quot;:300}\" data-widget_type=\"text-editor.default\">\n\t\t\t\t<div class=\"elementor-widget-container\">\n\t\t\t\t\t\t\t\t\t<p>El usuario puede configurar su navegador para no aceptar el uso de cookies, en cuyo caso la personalizaci\u00f3n de la experiencia no se aplicar\u00eda. Si se selecciona esta configuraci\u00f3n puede que no se pueda acceder a ciertas partes del sitio web, ya que puede causar una navegaci\u00f3n menos eficaz.<\/p><p>La mayor\u00eda de navegadores actualmente permiten al usuario configurar si desean aceptar cookies y cu\u00e1les de \u00e9stas. Estos par\u00e1metros normalmente se encuentran en los \u201cpar\u00e1metros\u201d o \u201cpreferencias\u201d del men\u00fa de su navegador.<\/p><ul><li aria-level=\"1\">Informaci\u00f3n sobre cookies para\u00a0<a href=\"https:\/\/web.archive.org\/web\/20200925063229\/https:\/\/support.microsoft.com\/es-es\/help\/17442\/windows-internet-explorer-delete-manage-cookies\">Internet Explorer<\/a><\/li><li aria-level=\"1\">Informaci\u00f3n sobre cookies para\u00a0<a href=\"https:\/\/web.archive.org\/web\/20200925063229\/https:\/\/support.mozilla.org\/es\/kb\/habilitar-y-deshabilitar-cookies-sitios-web-rastrear-preferencias?redirectlocale=es&amp;redirectslug=habilitar-y-deshabilitar-cookies-que-los-sitios-we\">Mozilla Firefox<\/a>\u00a0<\/li><li aria-level=\"1\">Informaci\u00f3n sobre cookies para\u00a0<a href=\"https:\/\/web.archive.org\/web\/20200925063229\/https:\/\/help.opera.com\/en\/latest\/web-preferences\/#cookies\">Opera<\/a><\/li><li aria-level=\"1\">Informaci\u00f3n sobre cookies para\u00a0<a href=\"https:\/\/web.archive.org\/web\/20200925063229\/https:\/\/support.google.com\/accounts\/answer\/61416?hl=es\">Google Chrome<\/a><\/li><li aria-level=\"1\">Informaci\u00f3n sobre cookies para\u00a0<a href=\"https:\/\/web.archive.org\/web\/20200925063229\/https:\/\/support.apple.com\/es-es\/HT201265\">Safari<\/a><\/li><\/ul><p>\u00a0<\/p>\t\t\t\t\t\t\t\t<\/div>\n\t\t\t\t<\/div>\n\t\t\t\t<div class=\"elementor-element elementor-element-bb9aa36 elementor-invisible elementor-widget elementor-widget-text-editor\" data-id=\"bb9aa36\" data-element_type=\"widget\" data-settings=\"{&quot;_animation&quot;:&quot;fadeIn&quot;,&quot;_animation_tablet&quot;:&quot;none&quot;,&quot;_animation_mobile&quot;:&quot;none&quot;,&quot;_animation_delay&quot;:300}\" data-widget_type=\"text-editor.default\">\n\t\t\t\t<div class=\"elementor-widget-container\">\n\t\t\t\t\t\t\t\t\t<p>Cookies de redes sociales<\/p>\t\t\t\t\t\t\t\t<\/div>\n\t\t\t\t<\/div>\n\t\t\t\t<div class=\"elementor-element elementor-element-87dcd90 elementor-invisible elementor-widget elementor-widget-text-editor\" data-id=\"87dcd90\" data-element_type=\"widget\" data-settings=\"{&quot;_animation&quot;:&quot;fadeIn&quot;,&quot;_animation_tablet&quot;:&quot;none&quot;,&quot;_animation_mobile&quot;:&quot;none&quot;,&quot;_animation_delay&quot;:300}\" data-widget_type=\"text-editor.default\">\n\t\t\t\t<div class=\"elementor-widget-container\">\n\t\t\t\t\t\t\t\t\t<p>Algunas p\u00e1ginas de nuestros sitios web le permiten compartir nuestros contenidos en redes sociales como Facebook, Twitter, Google, etc. Algunas veces colgamos v\u00eddeos de sitios como YouTube. Estos sitios web depositan sus propias cookies, que nosotros no controlamos. Quiz\u00e1s quiera comprobar sus sitios web para saber m\u00e1s sobre su pol\u00edtica de cookies.<\/p><p>M\u00e1s informaci\u00f3n sobre cookies de redes sociales:<\/p><p><a href=\"https:\/\/web.archive.org\/web\/20200925063229\/https:\/\/es-es.facebook.com\/about\/privacy\/cookies\">https:\/\/es-es.facebook.com\/about\/privacy\/cookies<\/a><\/p><p><a href=\"https:\/\/web.archive.org\/web\/20200925063229\/https:\/\/twitter.com\/privacy\">https:\/\/twitter.com\/privacy<\/a><\/p><p><a href=\"https:\/\/web.archive.org\/web\/20200925063229\/https:\/\/help.instagram.com\/155833707900388\">https:\/\/help.instagram.com\/155833707900388<\/a><\/p><p><a href=\"https:\/\/web.archive.org\/web\/20200925063229\/https:\/\/www.youtube.com\/yt\/policyandsafety\/es\/\">https:\/\/www.youtube.com\/yt\/policyandsafety\/es\/<\/a><\/p><p>Informaci\u00f3n adicional<\/p><p>Para una mayor informaci\u00f3n sobre el uso de las cookies y c\u00f3mo bloquearlas, accede a\u00a0<a href=\"https:\/\/web.archive.org\/web\/20200925063229\/http:\/\/www.allaboutcookies.org\/\">www.allaboutcookies.org<\/a>,\u00a0<a href=\"https:\/\/web.archive.org\/web\/20200925063229\/http:\/\/www.youronlinechoices.eu\/\">www.youronlinechoices.eu<\/a>. Si tiene cualquier pregunta o comentario sobre nuestro uso de cookies, por favor contacte con nosotros en\u00a0<a href=\"https:\/\/web.archive.org\/web\/20200925063229\/mailto:dpd@escolavitae.com\">dpd@escolavitae.com<\/a>.<\/p>\t\t\t\t\t\t\t\t<\/div>\n\t\t\t\t<\/div>\n\t\t\t\t<div class=\"elementor-element elementor-element-1f58d49 open-banner-cookies elementor-widget elementor-widget-button\" data-id=\"1f58d49\" data-element_type=\"widget\" data-widget_type=\"button.default\">\n\t\t\t\t<div class=\"elementor-widget-container\">\n\t\t\t\t\t\t\t\t\t<div class=\"elementor-button-wrapper\">\n\t\t\t\t\t<a class=\"elementor-button elementor-button-link elementor-size-sm\" href=\"https:\/\/vitae.testsdowhile.com\/politica-de-cookies\/\">\n\t\t\t\t\t\t<span class=\"elementor-button-content-wrapper\">\n\t\t\t\t\t\t\t\t\t<span class=\"elementor-button-text\">Configurar cookies<\/span>\n\t\t\t\t\t<\/span>\n\t\t\t\t\t<\/a>\n\t\t\t\t<\/div>\n\t\t\t\t\t\t\t\t<\/div>\n\t\t\t\t<\/div>\n\t\t\t\t\t<\/div>\n\t\t<\/div>\n\t\t\t\t\t<\/div>\n\t\t<\/section>\n\t\t\t\t<\/div>\n\t\t","protected":false},"excerpt":{"rendered":"<p>Descubre nuestros Grados Superiores, d\u00f3nde la excelencia educativa se combina con una formaci\u00f3n pr\u00e1ctica, prepar\u00e1ndote para liderar en tu campo profesional. Este sitio web utiliza cookies propias y de terceros para recopilar informaci\u00f3n estad\u00edstica sobre la navegaci\u00f3n de los usuarios y mejorar sus servicios con sus preferencias, generados a partir de sus h\u00e1bitos de navegaci\u00f3n&#8230;.<\/p>\n","protected":false},"author":1,"featured_media":0,"parent":0,"menu_order":0,"comment_status":"closed","ping_status":"closed","template":"","meta":{"om_disable_all_campaigns":false,"_monsterinsights_skip_tracking":false,"_monsterinsights_sitenote_active":false,"_monsterinsights_sitenote_note":"","_monsterinsights_sitenote_category":0,"footnotes":""},"class_list":["post-996710","page","type-page","status-publish","hentry"],"aioseo_notices":[],"_links":{"self":[{"href":"https:\/\/vitae.testsdowhile.com\/es\/wp-json\/wp\/v2\/pages\/996710","targetHints":{"allow":["GET"]}}],"collection":[{"href":"https:\/\/vitae.testsdowhile.com\/es\/wp-json\/wp\/v2\/pages"}],"about":[{"href":"https:\/\/vitae.testsdowhile.com\/es\/wp-json\/wp\/v2\/types\/page"}],"author":[{"embeddable":true,"href":"https:\/\/vitae.testsdowhile.com\/es\/wp-json\/wp\/v2\/users\/1"}],"replies":[{"embeddable":true,"href":"https:\/\/vitae.testsdowhile.com\/es\/wp-json\/wp\/v2\/comments?post=996710"}],"version-history":[{"count":4,"href":"https:\/\/vitae.testsdowhile.com\/es\/wp-json\/wp\/v2\/pages\/996710\/revisions"}],"predecessor-version":[{"id":997669,"href":"https:\/\/vitae.testsdowhile.com\/es\/wp-json\/wp\/v2\/pages\/996710\/revisions\/997669"}],"wp:attachment":[{"href":"https:\/\/vitae.testsdowhile.com\/es\/wp-json\/wp\/v2\/media?parent=996710"}],"curies":[{"name":"wp","href":"https:\/\/api.w.org\/{rel}","templated":true}]}}