{"id":996711,"date":"2023-12-14T11:45:22","date_gmt":"2023-12-14T10:45:22","guid":{"rendered":"https:\/\/vitae.testsdowhile.com\/politica-de-privacitat\/"},"modified":"2023-12-19T10:59:44","modified_gmt":"2023-12-19T09:59:44","slug":"politica-de-privacidad","status":"publish","type":"page","link":"https:\/\/vitae.testsdowhile.com\/es\/politica-de-privacidad\/","title":{"rendered":"Pol\u00edtica de privacidad"},"content":{"rendered":"\t\t<div data-elementor-type=\"wp-page\" data-elementor-id=\"996711\" class=\"elementor elementor-996711 elementor-995631\" data-elementor-post-type=\"page\">\n\t\t\t\t\t\t<section class=\"elementor-section elementor-top-section elementor-element elementor-element-506eca7 elementor-section-height-min-height elementor-section-boxed elementor-section-height-default elementor-section-items-middle\" data-id=\"506eca7\" data-element_type=\"section\" data-settings=\"{&quot;background_background&quot;:&quot;classic&quot;}\">\n\t\t\t\t\t\t<div class=\"elementor-container elementor-column-gap-default\">\n\t\t\t\t\t<div class=\"elementor-column elementor-col-100 elementor-top-column elementor-element elementor-element-9cf4da4\" data-id=\"9cf4da4\" data-element_type=\"column\" data-settings=\"{&quot;background_background&quot;:&quot;classic&quot;}\">\n\t\t\t<div class=\"elementor-widget-wrap\">\n\t\t\t\t\t\t\t<\/div>\n\t\t<\/div>\n\t\t\t\t\t<\/div>\n\t\t<\/section>\n\t\t\t\t<section class=\"elementor-section elementor-top-section elementor-element elementor-element-63db2f8 elementor-section-boxed elementor-section-height-default elementor-section-height-default\" data-id=\"63db2f8\" data-element_type=\"section\" data-settings=\"{&quot;animation&quot;:&quot;none&quot;,&quot;animation_tablet&quot;:&quot;none&quot;,&quot;animation_mobile&quot;:&quot;none&quot;}\">\n\t\t\t\t\t\t<div class=\"elementor-container elementor-column-gap-no\">\n\t\t\t\t\t<div class=\"elementor-column elementor-col-50 elementor-top-column elementor-element elementor-element-e41eb17 animated-fast pastilla-verde elementor-invisible\" data-id=\"e41eb17\" data-element_type=\"column\" data-settings=\"{&quot;background_background&quot;:&quot;classic&quot;,&quot;animation&quot;:&quot;fadeIn&quot;,&quot;animation_delay&quot;:100}\">\n\t\t\t<div class=\"elementor-widget-wrap elementor-element-populated\">\n\t\t\t\t\t\t<div class=\"elementor-element elementor-element-70dd3f1 elementor-widget elementor-widget-text-editor\" data-id=\"70dd3f1\" data-element_type=\"widget\" data-settings=\"{&quot;_animation&quot;:&quot;none&quot;,&quot;_animation_delay&quot;:300}\" data-widget_type=\"text-editor.default\">\n\t\t\t\t<div class=\"elementor-widget-container\">\n\t\t\t\t\t\t\t\t\t<p>Descubre nuestros Grados Superiores, d\u00f3nde l<strong>a excelencia educativa se combina con una formaci\u00f3n pr\u00e1ctica<\/strong>, prepar\u00e1ndote para liderar en tu campo profesional.<\/p>\t\t\t\t\t\t\t\t<\/div>\n\t\t\t\t<\/div>\n\t\t\t\t\t<\/div>\n\t\t<\/div>\n\t\t\t\t<div class=\"elementor-column elementor-col-50 elementor-top-column elementor-element elementor-element-23eabe9 elementor-hidden-desktop elementor-hidden-tablet elementor-hidden-phone\" data-id=\"23eabe9\" data-element_type=\"column\">\n\t\t\t<div class=\"elementor-widget-wrap\">\n\t\t\t\t\t\t\t<\/div>\n\t\t<\/div>\n\t\t\t\t\t<\/div>\n\t\t<\/section>\n\t\t\t\t<section class=\"elementor-section elementor-top-section elementor-element elementor-element-1fe93e6 elementor-section-boxed elementor-section-height-default elementor-section-height-default\" data-id=\"1fe93e6\" data-element_type=\"section\">\n\t\t\t\t\t\t<div class=\"elementor-container elementor-column-gap-no\">\n\t\t\t\t\t<div class=\"elementor-column elementor-col-100 elementor-top-column elementor-element elementor-element-a71d332\" data-id=\"a71d332\" data-element_type=\"column\">\n\t\t\t<div class=\"elementor-widget-wrap elementor-element-populated\">\n\t\t\t\t\t\t<div class=\"elementor-element elementor-element-208e3d3 elementor-invisible elementor-widget elementor-widget-text-editor\" data-id=\"208e3d3\" data-element_type=\"widget\" data-settings=\"{&quot;_animation&quot;:&quot;fadeIn&quot;,&quot;_animation_tablet&quot;:&quot;none&quot;,&quot;_animation_mobile&quot;:&quot;none&quot;,&quot;_animation_delay&quot;:300}\" data-widget_type=\"text-editor.default\">\n\t\t\t\t<div class=\"elementor-widget-container\">\n\t\t\t\t\t\t\t\t\t<p>A trav\u00e9s de la presente pol\u00edtica de privacidad\u00a0<strong>FORMA\u2019T EN FORMACI\u00d3 PROFESSIONAL, SL<\/strong><strong>,\u00a0<\/strong>desea informar a todas las personas que naveguen y accedan al sitio web\u00a0<a href=\"http:\/\/www.escolavitae.com\/\">www.escolavitae.com<\/a>\u00a0sobre los tratamientos de datos personales realizados.<\/p><p>El acceso al sitio web no requiere un registro previo. En todo caso, el Usuario con su navegaci\u00f3n acepta en su totalidad la presente pol\u00edtica de privacidad y pol\u00edtica de cookies.<\/p><p>Antes del env\u00edo de cualquier solicitud de informaci\u00f3n a trav\u00e9s del formulario de contacto de esta p\u00e1gina web,\u00a0<u>el usuario debe aceptar la pol\u00edtica de privacidad<\/u>, con el fin de prestar el consentimiento expreso e informado por el tratamiento de los datos con las finalidades indicadas.<\/p><p><strong>FORMA\u2019T EN FORMACI\u00d3 PROFESSIONAL, SL<\/strong>, de conformidad con el Reglamento (UE) 2016\/679, de 27 de abril de 2016, relativo a la protecci\u00f3n de las personas f\u00edsicas en lo que respecta al tratamiento de datos personales y a la libre circulaci\u00f3n de estos datos, as\u00ed como la Ley Org\u00e1nica 3\/2018, de 5 de diciembre, de Protecci\u00f3n de Datos Personales y garant\u00eda de derechos digitales, en calidad de Responsable del Tratamiento de los datos personales proporcionados le facilita la siguiente informaci\u00f3n:<\/p><p>\u00a0<\/p><ol><li><strong><u>Responsable del Tratamiento:<\/u><\/strong><\/li><\/ol><ul><li>Raz\u00f3n social:\u00a0<strong>FORMA\u2019T EN FORMACI\u00d3 PROFESSIONAL, SL<\/strong>\u00a0(En adelante,\u00a0<strong>ESCOLA VITAE<\/strong>)<\/li><li>NIF:\u00a0<strong>B65641797<\/strong><\/li><li>Domicilio social:\u00a0<strong>Barco Maria Assumpta Local 3B \u2013 08912 de Badalona (Barcelona)<\/strong><\/li><li>Correo Electr\u00f3nico:\u00a0<a href=\"mailto:secretaria@escolavitae.com\">secretaria@escolavitae.com<\/a><\/li><li>Delegado de Protecci\u00f3n de Datos:\u00a0<a href=\"mailto:dpd@escolavitae.com\">dpd@escolavitae.com<\/a><\/li><\/ul><p><strong><u>\u00a0<\/u><\/strong><\/p><ol start=\"2\"><li><strong><u>Matric\u00falate<\/u><\/strong><\/li><\/ol><p><strong>Finalidad del tratamiento de datos<\/strong><\/p><ul><li>Gestionar los datos de los interesados para enviar la preinscripci\u00f3n de matr\u00edcula en el centro.<\/li><li>Gestionar los datos para realizar la inscripci\u00f3n a los ciclos formativos del centro.<\/li><li>Gestionar los datos de car\u00e1cter personal del alumno con una finalidad formativa.<\/li><li>Gesti\u00f3n de los datos de car\u00e1cter personal del alumno para que pueda participar a actividades complementarias que la entidad organice durante el curso.<\/li><li>Gestionar la comunicaci\u00f3n de los datos de car\u00e1cter acad\u00e9mico del alumno mayor de edad con los padres y\/o tutores legales.<\/li><li>Gestionar el pago de las mensualidades y cuotas correspondientes.<\/li><li>Verificar que el alumno se APTO para la pr\u00e1ctica deportiva.<\/li><li>Cumplir con las normativas de organizaci\u00f3n y funcionamiento del centro (NOFC).<\/li><\/ul><p><strong>Base jur\u00eddica para el tratamiento de datos<\/strong><\/p><ul><li>La base que legitima del tratamiento de los datos de car\u00e1cter personal es el consentimiento que otorga el interesado mediante la casilla de aceptaci\u00f3n habilitada para ello, en virtud del art\u00edculo 6.1.a) del RGPD.<\/li><li>En el caso de menores, el tratamiento de los datos del menor es el consentimiento que otorga el padre, madre o tutor\/a legal, mediante la casilla de aceptaci\u00f3n habilitada para ello, en virtud del art\u00edculo 6.1.a) del RGPD.<\/li><\/ul><p><strong>Plazo de conservaci\u00f3n<\/strong><\/p><p>Los datos no se conservar\u00e1n m\u00e1s tiempo del necesario para las cuales han sido pedidas, excepto que haya una obligaci\u00f3n legal.<\/p><p><strong>Categor\u00edas de destinatarios<\/strong><\/p><p>Los datos se comunicar\u00e1n a entidades con las que la escuela realice actividades educativas, solidarias y deportivas, de \u00e1mbito p\u00fablico o privado, previa autorizaci\u00f3n expr\u00e9s. En este sentido, fuera de estos supuestos no se ceder\u00e1n los datos a otros terceros, excepto obligaci\u00f3n legal.<\/p><p><strong>Transferencias internacionales de datos<\/strong><\/p><p>No se realizan Transferencia Internacionales de datos a terceros pa\u00edses fuera de la Uni\u00f3n Europea.<\/p><p>\u00a0<\/p><ol start=\"3\"><li><strong><u>Formulario intercambio<\/u><\/strong><\/li><\/ol><p><strong>Finalidad del tratamiento de datos<\/strong><\/p><ul><li>Atender a la solicitud de informaci\u00f3n sobre las oportunidades de movilidad estudiantil.<\/li><li>Env\u00edo de boletines informativos sobre nuestro centro, a trav\u00e9s de correo electr\u00f3nico o medios de comunicaci\u00f3n electr\u00f3nica equivalentes.<\/li><\/ul><p><strong>Base jur\u00eddica para el tratamiento de datos<\/strong><\/p><ul><li>La base que legitima del tratamiento de los datos de car\u00e1cter personal es el consentimiento que otorga el interesado mediante la casilla de aceptaci\u00f3n habilitada para ello, en virtud del art\u00edculo 6.1.a) del RGPD.<\/li><li>La base jur\u00eddica del tratamiento de los datos para el env\u00edo de comunicaciones es el consentimiento previo y expreso que el Usuario otorga marcando la casilla correspondiente, conforme lo establecido en el art. 21 de la LSSI-CE.<\/li><\/ul><p><strong>Plazo de conservaci\u00f3n<\/strong><\/p><p>Los datos no se conservar\u00e1n m\u00e1s tiempo del necesario para los cuales han sido recabados, excepto que exista una obligaci\u00f3n legal.<\/p><p>La direcci\u00f3n de correo electr\u00f3nico del usuario se conservar\u00e1 mientras la suscripci\u00f3n a la Newsletter est\u00e9 activa.<\/p><p><strong>Categor\u00edas de destinatarios<\/strong><\/p><p>No se comunicar\u00e1n a otros terceros, excepto obligaci\u00f3n legal o con el consentimiento expreso del interesado.<\/p><p><strong>Transferencias internacionales de datos<\/strong><\/p><p>Se informa al interesado que para el env\u00edo de comunicaciones comerciales se realizar\u00e1 a trav\u00e9s de Mailchimp, con domicilio social y servidores y ubicados en EEUU. Asimismo, se informa que Mailchimp dispone de las cl\u00e1usulas contractuales tipo que permiten realizar transferencias internaciones con las garant\u00edas establecidas en el RGPD.<\/p><p>\u00a0<\/p><ol start=\"4\"><li><strong><u>Pide una entrevista<\/u><\/strong><\/li><\/ol><p><strong>Finalidad del tratamiento de datos<\/strong><\/p><ul><li>Contactar con el usuario para poder concertar una entrevista para conocer nuestras instalaciones, los profesores o al equipo.<\/li><li>Env\u00edo de boletines informativos sobre nuestro centro, a trav\u00e9s de correo electr\u00f3nico o medios de comunicaci\u00f3n electr\u00f3nica equivalentes.<\/li><\/ul><p>\u00a0<\/p><p><strong>Base jur\u00eddica para el tratamiento de datos<\/strong><\/p><ul><li>La base que legitima del tratamiento de los datos de car\u00e1cter personal es el consentimiento que otorga el interesado mediante la casilla de aceptaci\u00f3n habilitada para ello, en virtud del art\u00edculo 6.1.a) del RGPD.<\/li><li>La base jur\u00eddica del tratamiento de los datos para el env\u00edo de comunicaciones es el consentimiento previo y expreso que el Usuario otorga marcando la casilla correspondiente, conforme lo establecido en el art. 21 de la LSSI-CE.<\/li><\/ul><p>\u00a0<\/p><p><strong>Plazo de conservaci\u00f3n<\/strong><\/p><p>Los datos no se conservar\u00e1n m\u00e1s tiempo del necesario para los cuales han sido recabados, excepto que exista una obligaci\u00f3n legal.<\/p><p>La direcci\u00f3n de correo electr\u00f3nico del usuario se conservar\u00e1 mientras la suscripci\u00f3n a la Newsletter est\u00e9 activa.<\/p><p><strong>Categor\u00edas de destinatarios<\/strong><\/p><p>No se comunicar\u00e1n a otros terceros, excepto obligaci\u00f3n legal o con el consentimiento expreso del interesado.<\/p><p><strong>Transferencias internacionales de datos<\/strong><\/p><p>Se informa al interesado que para el env\u00edo de comunicaciones comerciales se realizar\u00e1 a trav\u00e9s de Mailchimp, con domicilio social y servidores y ubicados en EEUU. Asimismo, se informa que Mailchimp dispone de las cl\u00e1usulas contractuales tipo que permiten realizar transferencias internaciones con las garant\u00edas establecidas en el RGPD.<\/p><p>\u00a0<\/p><ol start=\"5\"><li><strong><u>Solicitar m\u00e1s informaci\u00f3n<\/u><\/strong><\/li><\/ol><p><strong>Finalidad del tratamiento de datos<\/strong><\/p><ul><li>Atender la solicitud de informaci\u00f3n sobre nuestros cursos.<\/li><li>Env\u00edo de boletines informativos sobre nuestro centro, a trav\u00e9s de correo electr\u00f3nico o medios de comunicaci\u00f3n electr\u00f3nica equivalentes.<\/li><\/ul><p><strong>Base jur\u00eddica para el tratamiento de datos<\/strong><\/p><ul><li>La base que legitima del tratamiento de los datos de car\u00e1cter personal es el consentimiento que otorga el interesado mediante la casilla de aceptaci\u00f3n habilitada para ello, en virtud del art\u00edculo 6.1.a) del RGPD.<\/li><li>La base jur\u00eddica del tratamiento de los datos para el env\u00edo de comunicaciones es el consentimiento previo y expreso que el Usuario otorga marcando la casilla correspondiente, conforme lo establecido en el art. 21 de la LSSI-CE.<\/li><\/ul><p>\u00a0<\/p><p><strong>Plazo de conservaci\u00f3n<\/strong><\/p><p>Los datos no se conservar\u00e1n m\u00e1s tiempo del necesario para los cuales han sido recabados, excepto que exista una obligaci\u00f3n legal.<\/p><p>La direcci\u00f3n de correo electr\u00f3nico del usuario se conservar\u00e1 mientras la suscripci\u00f3n a la Newsletter est\u00e9 activa.<\/p><p><strong>Categor\u00edas de destinatarios:\u00a0<\/strong>No se comunicar\u00e1n a otros terceros, excepto obligaci\u00f3n legal o con el consentimiento expreso del interesado.<\/p><p><strong>Transferencias internacionales de datos<\/strong><\/p><p>Se informa al interesado que para el env\u00edo de comunicaciones comerciales se realizar\u00e1 a trav\u00e9s de Mailchimp, con domicilio social y servidores y ubicados en EEUU. Asimismo, se informa que Mailchimp dispone de las cl\u00e1usulas contractuales tipo que permiten realizar transferencias internaciones con las garant\u00edas establecidas en el RGPD.<\/p><p>\u00a0<\/p><ol start=\"6\"><li><strong><u>Formulario trabaja con nosotros<\/u><\/strong><\/li><\/ol><p><strong>Finalidad del tratamiento de datos<\/strong><\/p><ul><li>Atender su solicitud y analizar su perfil para participar en los procesos de selecci\u00f3n de personal.<\/li><li>Env\u00edo de boletines informativos sobre nuestro centro, a trav\u00e9s de correo electr\u00f3nico o medios de comunicaci\u00f3n electr\u00f3nica equivalentes.<\/li><\/ul><p><strong>Base jur\u00eddica para el tratamiento de datos<\/strong><\/p><ul><li>La base que legitima del tratamiento de los datos de car\u00e1cter personal es el consentimiento que otorga el interesado mediante la casilla de aceptaci\u00f3n habilitada para ello, en virtud del art\u00edculo 6.1.a) del RGPD.<\/li><li>La base jur\u00eddica del tratamiento de los datos para el env\u00edo de comunicaciones es el consentimiento previo y expreso que el Usuario otorga marcando la casilla correspondiente, conforme lo establecido en el art. 21 de la LSSI-CE.<\/li><\/ul><p><strong>Plazo de conservaci\u00f3n<\/strong><\/p><p>Los datos se conservar\u00e1n durante un plazo m\u00e1ximo de un a\u00f1o.<\/p><p>La direcci\u00f3n de correo electr\u00f3nico del usuario se conservar\u00e1 mientras la suscripci\u00f3n a la Newsletter est\u00e9 activa.<\/p><p><strong>Categor\u00edas de destinatarios<\/strong><\/p><p>No se comunicar\u00e1n a otros terceros, excepto obligaci\u00f3n legal o con el consentimiento expreso del interesado.<\/p><p><strong>Transferencias internacionales de datos<\/strong><\/p><p>Se informa al interesado que para el env\u00edo de comunicaciones comerciales se realizar\u00e1 a trav\u00e9s de Mailchimp, con domicilio social y servidores y ubicados en EEUU. Asimismo, se informa que Mailchimp dispone de las cl\u00e1usulas contractuales tipo que permiten realizar transferencias internaciones con las garant\u00edas establecidas en el RGPD.<\/p><p>\u00a0<\/p><ol start=\"7\"><li><strong><u>Derechos que asisten al Interesado<\/u><\/strong><\/li><\/ol><p>El interesado tiene derecho a retirar el consentimiento en cualquier momento. Asimismo, le informamos que podr\u00e1 ejercer sus derechos de acceso, rectificaci\u00f3n y supresi\u00f3n (Derecho al olvido), limitaci\u00f3n de los datos, portabilidad de los datos y oposici\u00f3n, enviando un escrito a Pl. Barco Maria Assumpta Local 3B \u2013 08912 de Badalona (Barcelona), o correo electr\u00f3nico a\u00a0<a href=\"mailto:dpd@escolavitae.com\">dpd@escolavitae.com<\/a>.<\/p><p>Asimismo, se informa al interesado que podr\u00e1 revocar el consentimiento del env\u00edo de comunicaciones comerciales enviando un correo electr\u00f3nico a\u00a0<a href=\"mailto:dpd@escolavitae.com\">dpd@escolavitae.com<\/a>.<\/p><p>La persona interesada puede presentar una reclamaci\u00f3n ante la autoridad de control en materia de protecci\u00f3n de datos competente, que actualmente es la Agencia Espa\u00f1ola de Protecci\u00f3n de Datos (AEPD), a trav\u00e9s de su sede electr\u00f3nica:\u00a0<a href=\"http:\/\/www.sedeagpd.gob.es\/sede-electronica-web\">www.sedeagpd.gob.es\/sede-electronica-web<\/a>, o enviando un escrito a C\/ Jorge Juan n\u00ba6 \u2013 28001 MADRID.<\/p><p>\u00a0<\/p><ol start=\"8\"><li><strong><u>\u00bfEs obligatorio proporcionar toda la informaci\u00f3n solicitada en el apartado de contacto?<\/u><\/strong><\/li><\/ol><p>En cuanto a los formularios del Sitio Web, el Usuario tiene que cumplimentar los marcados como \u201crequerido\u201d. No completar los datos personales requeridos o hacerlo parcialmente puede suponer que ESCOLA VITAE no pueda atender sus solicitudes y, en consecuencia, ESCOLA VITAE quedar\u00e1 exonerada de toda responsabilidad por la no prestaci\u00f3n o la prestaci\u00f3n incompleta de los servicios solicitados.<\/p><p>Los datos personales que el Usuario facilita a ESCOLA VITAE tienen que ser actuales para que la informaci\u00f3n de los registros est\u00e9 actualiza y sin errores. El Usuario responder\u00e1 de la veracidad de los datos facilitados.<\/p><p>\u00a0<\/p><ol start=\"9\"><li><strong><u>\u00bfQu\u00e9 medidas de seguridad tiene implantada la empresa?<\/u><\/strong><\/li><\/ol><p>ESCOLA VITAE informa que el tratamiento que realiza de datos personales se realiza en todo momento de conformidad con la normativa aplicable en materia de protecci\u00f3n de datos y de los servicios de la sociedad de la informaci\u00f3n.<\/p><p>ESCOLA VITAE informa que tiene implantadas las medidas de seguridad de \u00edndole t\u00e9cnica y organizativas necesarias que garanticen la seguridad de los datos de car\u00e1cter personal del Usuario y eviten su alteraci\u00f3n, p\u00e9rdida, tratamiento y\/o acceso no autorizado de acuerdo con el estado de la tecnolog\u00eda, la naturaleza de los datos almacenados y los riesgos a los que est\u00e1n expuestos, ya provengan de la acci\u00f3n humana o del medio f\u00edsico o natural, en conformidad con el que prev\u00e9 la normativa vigente.<\/p>\t\t\t\t\t\t\t\t<\/div>\n\t\t\t\t<\/div>\n\t\t\t\t\t<\/div>\n\t\t<\/div>\n\t\t\t\t\t<\/div>\n\t\t<\/section>\n\t\t\t\t<\/div>\n\t\t","protected":false},"excerpt":{"rendered":"<p>Descubre nuestros Grados Superiores, d\u00f3nde la excelencia educativa se combina con una formaci\u00f3n pr\u00e1ctica, prepar\u00e1ndote para liderar en tu campo profesional. A trav\u00e9s de la presente pol\u00edtica de privacidad\u00a0FORMA\u2019T EN FORMACI\u00d3 PROFESSIONAL, SL,\u00a0desea informar a todas las personas que naveguen y accedan al sitio web\u00a0www.escolavitae.com\u00a0sobre los tratamientos de datos personales realizados. El acceso al sitio&#8230;<\/p>\n","protected":false},"author":1,"featured_media":0,"parent":0,"menu_order":0,"comment_status":"closed","ping_status":"closed","template":"","meta":{"om_disable_all_campaigns":false,"_monsterinsights_skip_tracking":false,"_monsterinsights_sitenote_active":false,"_monsterinsights_sitenote_note":"","_monsterinsights_sitenote_category":0,"footnotes":""},"class_list":["post-996711","page","type-page","status-publish","hentry"],"aioseo_notices":[],"_links":{"self":[{"href":"https:\/\/vitae.testsdowhile.com\/es\/wp-json\/wp\/v2\/pages\/996711","targetHints":{"allow":["GET"]}}],"collection":[{"href":"https:\/\/vitae.testsdowhile.com\/es\/wp-json\/wp\/v2\/pages"}],"about":[{"href":"https:\/\/vitae.testsdowhile.com\/es\/wp-json\/wp\/v2\/types\/page"}],"author":[{"embeddable":true,"href":"https:\/\/vitae.testsdowhile.com\/es\/wp-json\/wp\/v2\/users\/1"}],"replies":[{"embeddable":true,"href":"https:\/\/vitae.testsdowhile.com\/es\/wp-json\/wp\/v2\/comments?post=996711"}],"version-history":[{"count":7,"href":"https:\/\/vitae.testsdowhile.com\/es\/wp-json\/wp\/v2\/pages\/996711\/revisions"}],"predecessor-version":[{"id":997699,"href":"https:\/\/vitae.testsdowhile.com\/es\/wp-json\/wp\/v2\/pages\/996711\/revisions\/997699"}],"wp:attachment":[{"href":"https:\/\/vitae.testsdowhile.com\/es\/wp-json\/wp\/v2\/media?parent=996711"}],"curies":[{"name":"wp","href":"https:\/\/api.w.org\/{rel}","templated":true}]}}