{"id":998846,"date":"2023-12-19T16:10:34","date_gmt":"2023-12-19T15:10:34","guid":{"rendered":"https:\/\/vitae.testsdowhile.com\/entrevista\/"},"modified":"2023-12-22T12:01:10","modified_gmt":"2023-12-22T11:01:10","slug":"entrevista","status":"publish","type":"page","link":"https:\/\/vitae.testsdowhile.com\/es\/entrevista\/","title":{"rendered":"Entrevista"},"content":{"rendered":"\t\t<div data-elementor-type=\"wp-page\" data-elementor-id=\"998846\" class=\"elementor elementor-998846 elementor-998249\" data-elementor-post-type=\"page\">\n\t\t\t\t\t\t<section class=\"elementor-section elementor-top-section elementor-element elementor-element-58d23ae elementor-section-height-min-height elementor-section-boxed elementor-section-height-default elementor-section-items-middle\" data-id=\"58d23ae\" data-element_type=\"section\" data-settings=\"{&quot;background_background&quot;:&quot;classic&quot;}\">\n\t\t\t\t\t\t<div class=\"elementor-container elementor-column-gap-default\">\n\t\t\t\t\t<div class=\"elementor-column elementor-col-100 elementor-top-column elementor-element elementor-element-bfb6604\" data-id=\"bfb6604\" data-element_type=\"column\" data-settings=\"{&quot;background_background&quot;:&quot;classic&quot;}\">\n\t\t\t<div class=\"elementor-widget-wrap\">\n\t\t\t\t\t\t\t<\/div>\n\t\t<\/div>\n\t\t\t\t\t<\/div>\n\t\t<\/section>\n\t\t\t\t<section class=\"elementor-section elementor-top-section elementor-element elementor-element-5a4ba1d elementor-section-boxed elementor-section-height-default elementor-section-height-default\" data-id=\"5a4ba1d\" data-element_type=\"section\" data-settings=\"{&quot;animation&quot;:&quot;none&quot;,&quot;animation_tablet&quot;:&quot;none&quot;,&quot;animation_mobile&quot;:&quot;none&quot;}\">\n\t\t\t\t\t\t<div class=\"elementor-container elementor-column-gap-no\">\n\t\t\t\t\t<div class=\"elementor-column elementor-col-50 elementor-top-column elementor-element elementor-element-8a0e11b animated-fast pastilla-verde elementor-invisible\" data-id=\"8a0e11b\" data-element_type=\"column\" data-settings=\"{&quot;background_background&quot;:&quot;classic&quot;,&quot;animation&quot;:&quot;fadeIn&quot;,&quot;animation_delay&quot;:100}\">\n\t\t\t<div class=\"elementor-widget-wrap elementor-element-populated\">\n\t\t\t\t\t\t<div class=\"elementor-element elementor-element-b98623c elementor-widget elementor-widget-text-editor\" data-id=\"b98623c\" data-element_type=\"widget\" data-settings=\"{&quot;_animation&quot;:&quot;none&quot;,&quot;_animation_delay&quot;:300}\" data-widget_type=\"text-editor.default\">\n\t\t\t\t<div class=\"elementor-widget-container\">\n\t\t\t\t\t\t\t\t\t<p>\u00danete a la Experiencia Vitae.\u00a0<\/p><p>Descubre c\u00f3mo el paso por la escuela puede impulsar tu carrera y tu vida.<\/p>\t\t\t\t\t\t\t\t<\/div>\n\t\t\t\t<\/div>\n\t\t\t\t\t<\/div>\n\t\t<\/div>\n\t\t\t\t<div class=\"elementor-column elementor-col-50 elementor-top-column elementor-element elementor-element-f2d3013 elementor-hidden-desktop elementor-hidden-tablet elementor-hidden-phone\" data-id=\"f2d3013\" data-element_type=\"column\">\n\t\t\t<div class=\"elementor-widget-wrap\">\n\t\t\t\t\t\t\t<\/div>\n\t\t<\/div>\n\t\t\t\t\t<\/div>\n\t\t<\/section>\n\t\t<div class=\"elementor-element elementor-element-de6375c e-flex e-con-boxed e-con e-parent\" data-id=\"de6375c\" data-element_type=\"container\">\n\t\t\t\t\t<div class=\"e-con-inner\">\n\t\t<div class=\"elementor-element elementor-element-b15cafc e-con-full e-flex e-con e-child\" data-id=\"b15cafc\" data-element_type=\"container\">\n\t\t\t\t<div class=\"elementor-element elementor-element-3163e1b elementor-widget elementor-widget-heading\" data-id=\"3163e1b\" data-element_type=\"widget\" data-widget_type=\"heading.default\">\n\t\t\t\t<div class=\"elementor-widget-container\">\n\t\t\t\t\t<h2 class=\"elementor-heading-title elementor-size-default\">Entrevista personalizada<\/h2>\t\t\t\t<\/div>\n\t\t\t\t<\/div>\n\t\t\t\t<div class=\"elementor-element elementor-element-26c7567 elementor-widget elementor-widget-text-editor\" data-id=\"26c7567\" data-element_type=\"widget\" data-widget_type=\"text-editor.default\">\n\t\t\t\t<div class=\"elementor-widget-container\">\n\t\t\t\t\t\t\t\t\t<p>Atenci\u00f3n individualizada para obtener m\u00e1s informaci\u00f3n de los estudios, resolver posibles dudas y realizar una visita guiada por las instalaciones.<\/p>\t\t\t\t\t\t\t\t<\/div>\n\t\t\t\t<\/div>\n\t\t\t\t<div class=\"elementor-element elementor-element-cb4cffb elementor-widget elementor-widget-html\" data-id=\"cb4cffb\" data-element_type=\"widget\" data-widget_type=\"html.default\">\n\t\t\t\t<div class=\"elementor-widget-container\">\n\t\t\t\t\t<script>\r\n    document.addEventListener('DOMContentLoaded', function () {\r\n        var select = document.getElementById('form-field-selectContent');\r\n        var contentElements = document.querySelectorAll('.content');\r\n\r\n        contentElements.forEach(function (contentElement) {\r\n            contentElement.style.display = 'none';\r\n        });\r\n\r\n        select.addEventListener('change', function () {\r\n            var selectedValue = this.value;\r\n\r\n            contentElements.forEach(function (contentElement) {\r\n                contentElement.style.display = 'none';\r\n            });\r\n\r\n            var targetElement = document.getElementById(selectedValue);\r\n            if (targetElement) {\r\n                targetElement.style.display = 'block';\r\n            }\r\n        });\r\n    });\r\n<\/script>\t\t\t\t<\/div>\n\t\t\t\t<\/div>\n\t\t\t\t<div class=\"elementor-element elementor-element-493c608 elementor-widget elementor-widget-form\" data-id=\"493c608\" data-element_type=\"widget\" data-settings=\"{&quot;step_next_label&quot;:&quot;Next&quot;,&quot;step_previous_label&quot;:&quot;Previous&quot;,&quot;button_width&quot;:&quot;100&quot;,&quot;step_type&quot;:&quot;number_text&quot;,&quot;step_icon_shape&quot;:&quot;circle&quot;}\" data-widget_type=\"form.default\">\n\t\t\t\t<div class=\"elementor-widget-container\">\n\t\t\t\t\t\t\t<form class=\"elementor-form\" method=\"post\" id=\"formulario_entrevista\" name=\"Formulario Entrevista\">\n\t\t\t<input type=\"hidden\" name=\"post_id\" value=\"998846\"\/>\n\t\t\t<input type=\"hidden\" name=\"form_id\" value=\"493c608\"\/>\n\t\t\t<input type=\"hidden\" name=\"referer_title\" value=\"\" \/>\n\n\t\t\t\n\t\t\t<div class=\"elementor-form-fields-wrapper elementor-labels-\">\n\t\t\t\t\t\t\t\t<div class=\"elementor-field-type-select elementor-field-group elementor-column elementor-field-group-selectContent elementor-col-100\">\n\t\t\t\t\t\t\t\t\t\t\t\t<label for=\"form-field-selectContent\" class=\"elementor-field-label elementor-screen-only\">\n\t\t\t\t\t\t\t\tSelecciona escola\t\t\t\t\t\t\t<\/label>\n\t\t\t\t\t\t\t\t<div class=\"elementor-field elementor-select-wrapper remove-before \">\n\t\t\t<div class=\"select-caret-down-wrapper\">\n\t\t\t\t<i aria-hidden=\"true\" class=\"eicon-caret-down\"><\/i>\t\t\t<\/div>\n\t\t\t<select name=\"form_fields[selectContent]\" id=\"form-field-selectContent\" class=\"elementor-field-textual elementor-size-xl\">\n\t\t\t\t\t\t\t\t\t<option value=\"\">Selecciona escuela<\/option>\n\t\t\t\t\t\t\t\t\t<option value=\"balmes\">Balmes<\/option>\n\t\t\t\t\t\t\t\t\t<option value=\"lesCorts\">Les Corts<\/option>\n\t\t\t\t\t\t\t\t\t<option value=\"santAndreu\">Sant Andreu<\/option>\n\t\t\t\t\t\t\t\t\t<option value=\"cerdanyola\">Cerdanyola<\/option>\n\t\t\t\t\t\t\t\t\t<option value=\"girona\">Girona<\/option>\n\t\t\t\t\t\t\t\t\t<option value=\"navarra\">Navarra<\/option>\n\t\t\t\t\t\t\t\t\t<option value=\"online\">Online<\/option>\n\t\t\t\t\t\t\t<\/select>\n\t\t<\/div>\n\t\t\t\t\t\t<\/div>\n\t\t\t\t\t\t\t\t<div class=\"elementor-field-group elementor-column elementor-field-type-submit elementor-col-100 e-form__buttons\">\n\t\t\t\t\t<button class=\"elementor-button elementor-size-sm\" type=\"submit\">\n\t\t\t\t\t\t<span class=\"elementor-button-content-wrapper\">\n\t\t\t\t\t\t\t\t\t\t\t\t\t\t\t\t\t\t\t\t\t\t<span class=\"elementor-button-text\">Enviar<\/span>\n\t\t\t\t\t\t\t\t\t\t\t\t\t<\/span>\n\t\t\t\t\t<\/button>\n\t\t\t\t<\/div>\n\t\t\t<\/div>\n\t\t<\/form>\n\t\t\t\t\t\t<\/div>\n\t\t\t\t<\/div>\n\t\t\t\t<\/div>\n\t\t<div class=\"elementor-element elementor-element-444a3e5 e-con-full e-flex e-con e-child\" data-id=\"444a3e5\" data-element_type=\"container\">\n\t\t\t\t<div class=\"elementor-element elementor-element-1c70e4c content elementor-widget elementor-widget-html\" data-id=\"1c70e4c\" data-element_type=\"widget\" id=\"lesCorts\" data-widget_type=\"html.default\">\n\t\t\t\t<div class=\"elementor-widget-container\">\n\t\t\t\t\t<!-- Principio del widget integrado de Calendly -->\r\n<div class=\"calendly-inline-widget\" data-url=\"https:\/\/calendly.com\/d\/2fs-cqz-bwz\/entrevista-vitae-les-corts?hide_gdpr_banner=1\" style=\"min-width:320px;height:700px;\"><\/div>\r\n<script type=\"text\/javascript\" src=\"https:\/\/assets.calendly.com\/assets\/external\/widget.js\" async><\/script>\r\n<!-- Final del widget integrado de Calendly -->\t\t\t\t<\/div>\n\t\t\t\t<\/div>\n\t\t\t\t<div class=\"elementor-element elementor-element-ec1f29c content elementor-widget elementor-widget-html\" data-id=\"ec1f29c\" data-element_type=\"widget\" id=\"santAndreu\" data-widget_type=\"html.default\">\n\t\t\t\t<div class=\"elementor-widget-container\">\n\t\t\t\t\t<!-- Principio del widget integrado de Calendly -->\r\n<div class=\"calendly-inline-widget\" data-url=\"https:\/\/calendly.com\/d\/42h-7ws-w9y\/entrevista-vitae-sant-andreu?hide_gdpr_banner=1\" style=\"min-width:320px;height:700px;\"><\/div>\r\n<script type=\"text\/javascript\" src=\"https:\/\/assets.calendly.com\/assets\/external\/widget.js\" async><\/script>\r\n<!-- Final del widget integrado de Calendly -->\t\t\t\t<\/div>\n\t\t\t\t<\/div>\n\t\t\t\t<div class=\"elementor-element elementor-element-5bb1c4c content elementor-widget elementor-widget-html\" data-id=\"5bb1c4c\" data-element_type=\"widget\" id=\"cerdanyola\" data-widget_type=\"html.default\">\n\t\t\t\t<div class=\"elementor-widget-container\">\n\t\t\t\t\t<!-- Principio del widget integrado de Calendly -->\r\n<div class=\"calendly-inline-widget\" data-url=\"https:\/\/calendly.com\/d\/3j4-rqz-7xx\/entrevista-vitae-cerdanyola?hide_gdpr_banner=1\" style=\"min-width:320px;height:700px;\"><\/div>\r\n<script type=\"text\/javascript\" src=\"https:\/\/assets.calendly.com\/assets\/external\/widget.js\" async><\/script>\r\n<!-- Final del widget integrado de Calendly -->\t\t\t\t<\/div>\n\t\t\t\t<\/div>\n\t\t\t\t<div class=\"elementor-element elementor-element-d7f215a content elementor-widget elementor-widget-html\" data-id=\"d7f215a\" data-element_type=\"widget\" id=\"girona\" data-widget_type=\"html.default\">\n\t\t\t\t<div class=\"elementor-widget-container\">\n\t\t\t\t\t<!-- Principio del widget integrado de Calendly -->\r\n<div class=\"calendly-inline-widget\" data-url=\"https:\/\/calendly.com\/d\/494-9v2-6ys\/entrevista-vitae-girona?hide_gdpr_banner=1\" style=\"min-width:320px;height:700px;\"><\/div>\r\n<script type=\"text\/javascript\" src=\"https:\/\/assets.calendly.com\/assets\/external\/widget.js\" async><\/script>\r\n<!-- Final del widget integrado de Calendly -->\t\t\t\t<\/div>\n\t\t\t\t<\/div>\n\t\t\t\t<div class=\"elementor-element elementor-element-75d3a31 content elementor-widget elementor-widget-html\" data-id=\"75d3a31\" data-element_type=\"widget\" id=\"navarra\" data-widget_type=\"html.default\">\n\t\t\t\t<div class=\"elementor-widget-container\">\n\t\t\t\t\t<!-- Principio del widget integrado de Calendly -->\r\n<div class=\"calendly-inline-widget\" data-url=\"https:\/\/calendly.com\/d\/5cv-8h4-bgs\/entrevista-vitae-navarra?hide_gdpr_banner=1\" style=\"min-width:320px;height:700px;\"><\/div>\r\n<script type=\"text\/javascript\" src=\"https:\/\/assets.calendly.com\/assets\/external\/widget.js\" async><\/script>\r\n<!-- Final del widget integrado de Calendly -->\t\t\t\t<\/div>\n\t\t\t\t<\/div>\n\t\t\t\t<div class=\"elementor-element elementor-element-9db845a content elementor-widget elementor-widget-html\" data-id=\"9db845a\" data-element_type=\"widget\" id=\"balmes\" data-widget_type=\"html.default\">\n\t\t\t\t<div class=\"elementor-widget-container\">\n\t\t\t\t\t<!-- Principio del widget integrado de Calendly -->\r\n<div class=\"calendly-inline-widget\" data-url=\"https:\/\/calendly.com\/d\/4xt-gpw-hn2\/entrevista-vitae-balmes?hide_gdpr_banner=1\" style=\"min-width:320px;height:700px;\"><\/div>\r\n<script type=\"text\/javascript\" src=\"https:\/\/assets.calendly.com\/assets\/external\/widget.js\" async><\/script>\r\n<!-- Final del widget integrado de Calendly -->\t\t\t\t<\/div>\n\t\t\t\t<\/div>\n\t\t\t\t<div class=\"elementor-element elementor-element-15be847 content elementor-widget elementor-widget-html\" data-id=\"15be847\" data-element_type=\"widget\" id=\"online\" data-widget_type=\"html.default\">\n\t\t\t\t<div class=\"elementor-widget-container\">\n\t\t\t\t\t<!-- Principio del widget integrado de Calendly -->\r\n<div class=\"calendly-inline-widget\" data-url=\"https:\/\/calendly.com\/d\/yk8-26r-fxv\/entrevista-vitae-online?hide_gdpr_banner=1\" style=\"min-width:320px;height:700px;\"><\/div>\r\n<script type=\"text\/javascript\" src=\"https:\/\/assets.calendly.com\/assets\/external\/widget.js\" async><\/script>\r\n<!-- Final del widget integrado de Calendly -->\t\t\t\t<\/div>\n\t\t\t\t<\/div>\n\t\t\t\t<\/div>\n\t\t\t\t\t<\/div>\n\t\t\t\t<\/div>\n\t\t\t\t<\/div>\n\t\t","protected":false},"excerpt":{"rendered":"<p>\u00danete a la Experiencia Vitae.\u00a0 Descubre c\u00f3mo el paso por la escuela puede impulsar tu carrera y tu vida. Entrevista personalizada Atenci\u00f3n individualizada para obtener m\u00e1s informaci\u00f3n de los estudios, resolver posibles dudas y realizar una visita guiada por las instalaciones.<\/p>\n","protected":false},"author":1,"featured_media":0,"parent":0,"menu_order":0,"comment_status":"closed","ping_status":"closed","template":"","meta":{"om_disable_all_campaigns":false,"_monsterinsights_skip_tracking":false,"_monsterinsights_sitenote_active":false,"_monsterinsights_sitenote_note":"","_monsterinsights_sitenote_category":0,"footnotes":""},"class_list":["post-998846","page","type-page","status-publish","hentry"],"aioseo_notices":[],"_links":{"self":[{"href":"https:\/\/vitae.testsdowhile.com\/es\/wp-json\/wp\/v2\/pages\/998846","targetHints":{"allow":["GET"]}}],"collection":[{"href":"https:\/\/vitae.testsdowhile.com\/es\/wp-json\/wp\/v2\/pages"}],"about":[{"href":"https:\/\/vitae.testsdowhile.com\/es\/wp-json\/wp\/v2\/types\/page"}],"author":[{"embeddable":true,"href":"https:\/\/vitae.testsdowhile.com\/es\/wp-json\/wp\/v2\/users\/1"}],"replies":[{"embeddable":true,"href":"https:\/\/vitae.testsdowhile.com\/es\/wp-json\/wp\/v2\/comments?post=998846"}],"version-history":[{"count":15,"href":"https:\/\/vitae.testsdowhile.com\/es\/wp-json\/wp\/v2\/pages\/998846\/revisions"}],"predecessor-version":[{"id":999413,"href":"https:\/\/vitae.testsdowhile.com\/es\/wp-json\/wp\/v2\/pages\/998846\/revisions\/999413"}],"wp:attachment":[{"href":"https:\/\/vitae.testsdowhile.com\/es\/wp-json\/wp\/v2\/media?parent=998846"}],"curies":[{"name":"wp","href":"https:\/\/api.w.org\/{rel}","templated":true}]}}